{"id":252626,"date":"2025-03-31T15:03:41","date_gmt":"2025-03-31T14:03:41","guid":{"rendered":"https:\/\/mhr.com.pt\/product\/jade\/"},"modified":"2025-03-31T15:03:41","modified_gmt":"2025-03-31T14:03:41","slug":"jade","status":"publish","type":"product","link":"https:\/\/mhr.com.pt\/fr\/product\/jade\/","title":{"rendered":"Jade."},"content":{"rendered":"<p>Avec ses lignes \u00e9l\u00e9gantes et ses proportions \u00e9quilibr\u00e9es, le tabouret Jade trouve l\u2019harmonie parfaite entre confort et sophistication.<\/p>\n<p>Son assise rembourr\u00e9e invite \u00e0 la d\u00e9tente, tandis que le plateau en bois prolong\u00e9 cr\u00e9e subtilement une surface fonctionnelle et visuellement attrayante. La structure joue avec le contraste de mani\u00e8re charmante et inattendue : d\u2019un c\u00f4t\u00e9, un pied m\u00e9tallique \u00e0 forme g\u00e9om\u00e9trique ; de l\u2019autre, un support en acrylique transparent apportant l\u00e9g\u00e8ret\u00e9 et touche contemporaine.<\/p>\n<p>Une pi\u00e8ce polyvalente, id\u00e9ale pour ajouter d\u00e9licatesse et distinction \u00e0 tout espace.<\/p>\n","protected":false},"excerpt":{"rendered":"<p>TABOURET<\/p>\n","protected":false},"featured_media":252627,"template":"","meta":{"_et_pb_use_builder":"","_et_pb_old_content":"","_et_gb_content_width":""},"product_brand":[],"product_cat":[551,564],"product_tag":[],"class_list":{"0":"post-252626","1":"product","2":"type-product","3":"status-publish","4":"has-post-thumbnail","6":"product_cat-accessoires-de-chambre","7":"product_cat-poufs-et-tabourets","9":"first","10":"instock","11":"shipping-taxable","12":"product-type-simple"},"_links":{"self":[{"href":"https:\/\/mhr.com.pt\/fr\/wp-json\/wp\/v2\/product\/252626","targetHints":{"allow":["GET"]}}],"collection":[{"href":"https:\/\/mhr.com.pt\/fr\/wp-json\/wp\/v2\/product"}],"about":[{"href":"https:\/\/mhr.com.pt\/fr\/wp-json\/wp\/v2\/types\/product"}],"wp:featuredmedia":[{"embeddable":true,"href":"https:\/\/mhr.com.pt\/fr\/wp-json\/wp\/v2\/media\/252627"}],"wp:attachment":[{"href":"https:\/\/mhr.com.pt\/fr\/wp-json\/wp\/v2\/media?parent=252626"}],"wp:term":[{"taxonomy":"product_brand","embeddable":true,"href":"https:\/\/mhr.com.pt\/fr\/wp-json\/wp\/v2\/product_brand?post=252626"},{"taxonomy":"product_cat","embeddable":true,"href":"https:\/\/mhr.com.pt\/fr\/wp-json\/wp\/v2\/product_cat?post=252626"},{"taxonomy":"product_tag","embeddable":true,"href":"https:\/\/mhr.com.pt\/fr\/wp-json\/wp\/v2\/product_tag?post=252626"}],"curies":[{"name":"wp","href":"https:\/\/api.w.org\/{rel}","templated":true}]}}