{"id":252629,"date":"2025-03-31T14:55:39","date_gmt":"2025-03-31T13:55:39","guid":{"rendered":"https:\/\/mhr.com.pt\/product\/fynn\/"},"modified":"2025-03-31T14:55:39","modified_gmt":"2025-03-31T13:55:39","slug":"fynn","status":"publish","type":"product","link":"https:\/\/mhr.com.pt\/fr\/product\/fynn\/","title":{"rendered":"Fynn."},"content":{"rendered":"<p>Fynn est un miroir distinctif d\u00e9fini par un cadre asym\u00e9trique, o\u00f9 des prolongements inattendus de la surface du miroir apportent audace et personnalit\u00e9 au design.<\/p>\n<p>Enti\u00e8rement recouvert de tissu, le cadre est compos\u00e9 de volumes superpos\u00e9s qui introduisent profondeur et dynamisme. Chaque couche peut \u00eatre personnalis\u00e9e avec des finitions diff\u00e9rentes, permettant des combinaisons uniques et sophistiqu\u00e9es. Avec ses dimensions g\u00e9n\u00e9reuses, Fynn \u00e9quilibre pr\u00e9sence et \u00e9l\u00e9gance, devenant un v\u00e9ritable point focal dans tout espace.<\/p>\n<p>N\u00e9 d\u2019une erreur lors du processus de d\u00e9veloppement, ce mod\u00e8le est issu de l\u2019inattendu, et c\u2019est pr\u00e9cis\u00e9ment cette origine accidentelle qui le rend si sp\u00e9cial : une c\u00e9l\u00e9bration de la beaut\u00e9 trouv\u00e9e dans l\u2019imperfection.<\/p>\n","protected":false},"excerpt":{"rendered":"<p>MIROIR<\/p>\n","protected":false},"featured_media":252630,"template":"","meta":{"_et_pb_use_builder":"","_et_pb_old_content":"","_et_gb_content_width":""},"product_brand":[],"product_cat":[551,574],"product_tag":[],"class_list":{"0":"post-252629","1":"product","2":"type-product","3":"status-publish","4":"has-post-thumbnail","6":"product_cat-accessoires-de-chambre","7":"product_cat-fynn-accessoires","9":"first","10":"instock","11":"shipping-taxable","12":"product-type-simple"},"_links":{"self":[{"href":"https:\/\/mhr.com.pt\/fr\/wp-json\/wp\/v2\/product\/252629","targetHints":{"allow":["GET"]}}],"collection":[{"href":"https:\/\/mhr.com.pt\/fr\/wp-json\/wp\/v2\/product"}],"about":[{"href":"https:\/\/mhr.com.pt\/fr\/wp-json\/wp\/v2\/types\/product"}],"wp:featuredmedia":[{"embeddable":true,"href":"https:\/\/mhr.com.pt\/fr\/wp-json\/wp\/v2\/media\/252630"}],"wp:attachment":[{"href":"https:\/\/mhr.com.pt\/fr\/wp-json\/wp\/v2\/media?parent=252629"}],"wp:term":[{"taxonomy":"product_brand","embeddable":true,"href":"https:\/\/mhr.com.pt\/fr\/wp-json\/wp\/v2\/product_brand?post=252629"},{"taxonomy":"product_cat","embeddable":true,"href":"https:\/\/mhr.com.pt\/fr\/wp-json\/wp\/v2\/product_cat?post=252629"},{"taxonomy":"product_tag","embeddable":true,"href":"https:\/\/mhr.com.pt\/fr\/wp-json\/wp\/v2\/product_tag?post=252629"}],"curies":[{"name":"wp","href":"https:\/\/api.w.org\/{rel}","templated":true}]}}