{"id":252633,"date":"2022-11-16T12:04:23","date_gmt":"2022-11-16T12:04:23","guid":{"rendered":"https:\/\/mhr.com.pt\/product\/jacques\/"},"modified":"2022-11-16T12:04:23","modified_gmt":"2022-11-16T12:04:23","slug":"jacques","status":"publish","type":"product","link":"https:\/\/mhr.com.pt\/fr\/product\/jacques\/","title":{"rendered":"Jacques."},"content":{"rendered":"<p>Le miroir Jacques allie sophistication et minimalisme, se distinguant par son cadre fin et son profil \u00e9l\u00e9gant. Son design classique et ses contours doux en font un ajout id\u00e9al aux int\u00e9rieurs contemporains et aux espaces privil\u00e9giant une esth\u00e9tique discr\u00e8te et raffin\u00e9e.<\/p>\n<p>Plus qu\u2019un simple miroir sur pied, Jacques fait \u00e9galement office de porte-v\u00eatements discret, offrant style et fonctionnalit\u00e9 en une seule pi\u00e8ce intemporelle.<\/p>\n","protected":false},"excerpt":{"rendered":"<p>MIROIR<\/p>\n","protected":false},"featured_media":252634,"template":"","meta":{"_et_pb_use_builder":"","_et_pb_old_content":"","_et_gb_content_width":""},"product_brand":[],"product_cat":[551,575],"product_tag":[],"class_list":{"0":"post-252633","1":"product","2":"type-product","3":"status-publish","4":"has-post-thumbnail","6":"product_cat-accessoires-de-chambre","7":"product_cat-jacques-accessoires","9":"first","10":"instock","11":"shipping-taxable","12":"product-type-simple"},"_links":{"self":[{"href":"https:\/\/mhr.com.pt\/fr\/wp-json\/wp\/v2\/product\/252633","targetHints":{"allow":["GET"]}}],"collection":[{"href":"https:\/\/mhr.com.pt\/fr\/wp-json\/wp\/v2\/product"}],"about":[{"href":"https:\/\/mhr.com.pt\/fr\/wp-json\/wp\/v2\/types\/product"}],"wp:featuredmedia":[{"embeddable":true,"href":"https:\/\/mhr.com.pt\/fr\/wp-json\/wp\/v2\/media\/252634"}],"wp:attachment":[{"href":"https:\/\/mhr.com.pt\/fr\/wp-json\/wp\/v2\/media?parent=252633"}],"wp:term":[{"taxonomy":"product_brand","embeddable":true,"href":"https:\/\/mhr.com.pt\/fr\/wp-json\/wp\/v2\/product_brand?post=252633"},{"taxonomy":"product_cat","embeddable":true,"href":"https:\/\/mhr.com.pt\/fr\/wp-json\/wp\/v2\/product_cat?post=252633"},{"taxonomy":"product_tag","embeddable":true,"href":"https:\/\/mhr.com.pt\/fr\/wp-json\/wp\/v2\/product_tag?post=252633"}],"curies":[{"name":"wp","href":"https:\/\/api.w.org\/{rel}","templated":true}]}}