{"id":252636,"date":"2025-03-31T14:51:09","date_gmt":"2025-03-31T13:51:09","guid":{"rendered":"https:\/\/mhr.com.pt\/product\/kai\/"},"modified":"2025-03-31T14:51:09","modified_gmt":"2025-03-31T13:51:09","slug":"kai","status":"publish","type":"product","link":"https:\/\/mhr.com.pt\/fr\/product\/kai\/","title":{"rendered":"Kai."},"content":{"rendered":"<p>Le miroir Kai est une pi\u00e8ce de design contemporain, se distinguant par son cadre asym\u00e9trique et des d\u00e9tails inattendus qui lui conf\u00e8rent une esth\u00e9tique \u00e0 la fois irr\u00e9v\u00e9rencieuse et raffin\u00e9e.<\/p>\n<p>Con\u00e7u avec des mat\u00e9riaux de haute qualit\u00e9, Kai pr\u00e9sente des textures et des formes superpos\u00e9es qui cr\u00e9ent profondeur et dynamisme visuel. Ses dimensions g\u00e9n\u00e9reuses lui donnent une forte pr\u00e9sence, en faisant un point focal naturel dans tout espace. Le cadre tapiss\u00e9 permet une personnalisation compl\u00e8te avec une vari\u00e9t\u00e9 de finitions, s\u2019adaptant \u00e0 diff\u00e9rents styles d\u2019int\u00e9rieur.<\/p>\n<p>Id\u00e9al pour les environnements audacieux qui valorisent l\u2019originalit\u00e9, le miroir Kai c\u00e9l\u00e8bre la beaut\u00e9 \u00e0 travers l\u2019imperfection et l\u2019innovation.<\/p>\n","protected":false},"excerpt":{"rendered":"<p>MIROIR<\/p>\n","protected":false},"featured_media":252637,"template":"","meta":{"_et_pb_use_builder":"","_et_pb_old_content":"","_et_gb_content_width":""},"product_brand":[],"product_cat":[551,576],"product_tag":[],"class_list":{"0":"post-252636","1":"product","2":"type-product","3":"status-publish","4":"has-post-thumbnail","6":"product_cat-accessoires-de-chambre","7":"product_cat-kai-accessoires","9":"first","10":"instock","11":"shipping-taxable","12":"product-type-simple"},"_links":{"self":[{"href":"https:\/\/mhr.com.pt\/fr\/wp-json\/wp\/v2\/product\/252636","targetHints":{"allow":["GET"]}}],"collection":[{"href":"https:\/\/mhr.com.pt\/fr\/wp-json\/wp\/v2\/product"}],"about":[{"href":"https:\/\/mhr.com.pt\/fr\/wp-json\/wp\/v2\/types\/product"}],"wp:featuredmedia":[{"embeddable":true,"href":"https:\/\/mhr.com.pt\/fr\/wp-json\/wp\/v2\/media\/252637"}],"wp:attachment":[{"href":"https:\/\/mhr.com.pt\/fr\/wp-json\/wp\/v2\/media?parent=252636"}],"wp:term":[{"taxonomy":"product_brand","embeddable":true,"href":"https:\/\/mhr.com.pt\/fr\/wp-json\/wp\/v2\/product_brand?post=252636"},{"taxonomy":"product_cat","embeddable":true,"href":"https:\/\/mhr.com.pt\/fr\/wp-json\/wp\/v2\/product_cat?post=252636"},{"taxonomy":"product_tag","embeddable":true,"href":"https:\/\/mhr.com.pt\/fr\/wp-json\/wp\/v2\/product_tag?post=252636"}],"curies":[{"name":"wp","href":"https:\/\/api.w.org\/{rel}","templated":true}]}}