{"id":252664,"date":"2021-02-25T15:01:49","date_gmt":"2021-02-25T15:01:49","guid":{"rendered":"https:\/\/mhr.com.pt\/product\/dali\/"},"modified":"2021-02-25T15:01:49","modified_gmt":"2021-02-25T15:01:49","slug":"dali","status":"publish","type":"product","link":"https:\/\/mhr.com.pt\/fr\/product\/dali\/","title":{"rendered":"Dali."},"content":{"rendered":"<p>Inspir\u00e9 du style fran\u00e7ais, le fauteuil Dali incarne le luxe et un design classique qui s\u2019adapte parfaitement \u00e0 une vari\u00e9t\u00e9 d\u2019esth\u00e9tiques int\u00e9rieures, du traditionnel au contemporain.<\/p>\n<p>Ses capitonnages distinctifs d\u00e9finissent son caract\u00e8re, ajoutant une touche de raffinement bourgeois \u00e0 tout espace.<\/p>\n<p>Les pieds d\u00e9licats, associ\u00e9s \u00e0 des finitions sp\u00e9cifiques, peuvent devenir un \u00e9l\u00e9ment remarquable, renfor\u00e7ant l\u2019\u00e9l\u00e9gance g\u00e9n\u00e9rale du fauteuil.<\/p>\n","protected":false},"excerpt":{"rendered":"<p>FAUTEUIL<\/p>\n","protected":false},"featured_media":252665,"template":"","meta":{"_et_pb_use_builder":"","_et_pb_old_content":"","_et_gb_content_width":""},"product_brand":[],"product_cat":[579],"product_tag":[],"class_list":{"0":"post-252664","1":"product","2":"type-product","3":"status-publish","4":"has-post-thumbnail","6":"product_cat-fauteuils","8":"first","9":"instock","10":"virtual","11":"product-type-simple"},"_links":{"self":[{"href":"https:\/\/mhr.com.pt\/fr\/wp-json\/wp\/v2\/product\/252664","targetHints":{"allow":["GET"]}}],"collection":[{"href":"https:\/\/mhr.com.pt\/fr\/wp-json\/wp\/v2\/product"}],"about":[{"href":"https:\/\/mhr.com.pt\/fr\/wp-json\/wp\/v2\/types\/product"}],"wp:featuredmedia":[{"embeddable":true,"href":"https:\/\/mhr.com.pt\/fr\/wp-json\/wp\/v2\/media\/252665"}],"wp:attachment":[{"href":"https:\/\/mhr.com.pt\/fr\/wp-json\/wp\/v2\/media?parent=252664"}],"wp:term":[{"taxonomy":"product_brand","embeddable":true,"href":"https:\/\/mhr.com.pt\/fr\/wp-json\/wp\/v2\/product_brand?post=252664"},{"taxonomy":"product_cat","embeddable":true,"href":"https:\/\/mhr.com.pt\/fr\/wp-json\/wp\/v2\/product_cat?post=252664"},{"taxonomy":"product_tag","embeddable":true,"href":"https:\/\/mhr.com.pt\/fr\/wp-json\/wp\/v2\/product_tag?post=252664"}],"curies":[{"name":"wp","href":"https:\/\/api.w.org\/{rel}","templated":true}]}}