{"id":252688,"date":"2022-10-27T16:24:52","date_gmt":"2022-10-27T15:24:52","guid":{"rendered":"https:\/\/mhr.com.pt\/product\/jacques-2\/"},"modified":"2022-10-27T16:24:52","modified_gmt":"2022-10-27T15:24:52","slug":"jacques-2","status":"publish","type":"product","link":"https:\/\/mhr.com.pt\/fr\/product\/jacques-2\/","title":{"rendered":"Jacques."},"content":{"rendered":"<p>Inspir\u00e9 par les lignes classiques des ann\u00e9es 1970, le fauteuil Jacques pr\u00e9sente un profil allong\u00e9 et \u00e9l\u00e9gant, compl\u00e9t\u00e9 par une assise g\u00e9n\u00e9reusement rembourr\u00e9e qui assure un confort sup\u00e9rieur.<\/p>\n<p>Sa silhouette raffin\u00e9e rend hommage \u00e0 l\u2019\u00e9l\u00e9gance r\u00e9tro tout en apportant une touche contemporaine, faisant de Jacques un ajout parfait pour les int\u00e9rieurs modernes et d\u2019inspiration vintage.<\/p>\n","protected":false},"excerpt":{"rendered":"<p>FAUTEUIL<\/p>\n","protected":false},"featured_media":252689,"template":"","meta":{"_et_pb_use_builder":"","_et_pb_old_content":"","_et_gb_content_width":""},"product_brand":[],"product_cat":[579],"product_tag":[],"class_list":{"0":"post-252688","1":"product","2":"type-product","3":"status-publish","4":"has-post-thumbnail","6":"product_cat-fauteuils","8":"first","9":"instock","10":"virtual","11":"product-type-simple"},"_links":{"self":[{"href":"https:\/\/mhr.com.pt\/fr\/wp-json\/wp\/v2\/product\/252688","targetHints":{"allow":["GET"]}}],"collection":[{"href":"https:\/\/mhr.com.pt\/fr\/wp-json\/wp\/v2\/product"}],"about":[{"href":"https:\/\/mhr.com.pt\/fr\/wp-json\/wp\/v2\/types\/product"}],"wp:featuredmedia":[{"embeddable":true,"href":"https:\/\/mhr.com.pt\/fr\/wp-json\/wp\/v2\/media\/252689"}],"wp:attachment":[{"href":"https:\/\/mhr.com.pt\/fr\/wp-json\/wp\/v2\/media?parent=252688"}],"wp:term":[{"taxonomy":"product_brand","embeddable":true,"href":"https:\/\/mhr.com.pt\/fr\/wp-json\/wp\/v2\/product_brand?post=252688"},{"taxonomy":"product_cat","embeddable":true,"href":"https:\/\/mhr.com.pt\/fr\/wp-json\/wp\/v2\/product_cat?post=252688"},{"taxonomy":"product_tag","embeddable":true,"href":"https:\/\/mhr.com.pt\/fr\/wp-json\/wp\/v2\/product_tag?post=252688"}],"curies":[{"name":"wp","href":"https:\/\/api.w.org\/{rel}","templated":true}]}}