{"id":252694,"date":"2022-10-27T16:48:59","date_gmt":"2022-10-27T15:48:59","guid":{"rendered":"https:\/\/mhr.com.pt\/product\/kyle\/"},"modified":"2022-10-27T16:48:59","modified_gmt":"2022-10-27T15:48:59","slug":"kyle","status":"publish","type":"product","link":"https:\/\/mhr.com.pt\/fr\/product\/kyle\/","title":{"rendered":"Kyle."},"content":{"rendered":"<p>Le fauteuil Kyle privil\u00e9gie le confort avec son dossier haut et rembourr\u00e9 qui offre un soutien exceptionnel.<\/p>\n<p>Le design de l\u2019accoudoir imite la position naturelle du bras humain, commen\u00e7ant \u00e0 la hauteur de l\u2019\u00e9paule et descendant pour soutenir l\u2019avant-bras, cr\u00e9ant ainsi une harmonie \u00e9quilibr\u00e9e entre le dossier haut et l\u2019accoudoir.<\/p>\n<p>Avec sa fonction pivotante, Kyle offre polyvalence et diverses possibilit\u00e9s de disposition dans une pi\u00e8ce, \u00e9tant \u00e0 la fois fonctionnel et \u00e9l\u00e9gant.<\/p>\n","protected":false},"excerpt":{"rendered":"<p>FAUTEUIL &amp; REPOSE-PIEDS<\/p>\n","protected":false},"featured_media":252695,"template":"","meta":{"_et_pb_use_builder":"","_et_pb_old_content":"","_et_gb_content_width":""},"product_brand":[],"product_cat":[579],"product_tag":[],"class_list":{"0":"post-252694","1":"product","2":"type-product","3":"status-publish","4":"has-post-thumbnail","6":"product_cat-fauteuils","8":"first","9":"instock","10":"virtual","11":"product-type-simple"},"_links":{"self":[{"href":"https:\/\/mhr.com.pt\/fr\/wp-json\/wp\/v2\/product\/252694","targetHints":{"allow":["GET"]}}],"collection":[{"href":"https:\/\/mhr.com.pt\/fr\/wp-json\/wp\/v2\/product"}],"about":[{"href":"https:\/\/mhr.com.pt\/fr\/wp-json\/wp\/v2\/types\/product"}],"wp:featuredmedia":[{"embeddable":true,"href":"https:\/\/mhr.com.pt\/fr\/wp-json\/wp\/v2\/media\/252695"}],"wp:attachment":[{"href":"https:\/\/mhr.com.pt\/fr\/wp-json\/wp\/v2\/media?parent=252694"}],"wp:term":[{"taxonomy":"product_brand","embeddable":true,"href":"https:\/\/mhr.com.pt\/fr\/wp-json\/wp\/v2\/product_brand?post=252694"},{"taxonomy":"product_cat","embeddable":true,"href":"https:\/\/mhr.com.pt\/fr\/wp-json\/wp\/v2\/product_cat?post=252694"},{"taxonomy":"product_tag","embeddable":true,"href":"https:\/\/mhr.com.pt\/fr\/wp-json\/wp\/v2\/product_tag?post=252694"}],"curies":[{"name":"wp","href":"https:\/\/api.w.org\/{rel}","templated":true}]}}