{"id":252703,"date":"2025-03-31T16:14:22","date_gmt":"2025-03-31T15:14:22","guid":{"rendered":"https:\/\/mhr.com.pt\/product\/koan\/"},"modified":"2025-03-31T16:14:22","modified_gmt":"2025-03-31T15:14:22","slug":"koan","status":"publish","type":"product","link":"https:\/\/mhr.com.pt\/fr\/product\/koan\/","title":{"rendered":"Koan."},"content":{"rendered":"<p>Le fauteuil pivotant Koan est une pi\u00e8ce arrondie con\u00e7ue pour compl\u00e9ter l\u2019ambiance chaleureuse d\u2019une chambre ou d\u2019un salon.<\/p>\n<p>Sa base pivotante offre polyvalence et la capacit\u00e9 de s\u2019adapter \u00e0 diff\u00e9rentes configurations de la pi\u00e8ce.<\/p>\n<p>Les dossiers hauts offrent un soutien lombaire et cervical, tandis que l\u2019assise g\u00e9n\u00e9reusement rembourr\u00e9e enveloppe le corps, offrant un niveau \u00e9lev\u00e9 de confort et de relaxation.<\/p>\n","protected":false},"excerpt":{"rendered":"<p>FAUTEUIL &amp; REPOSE-PIEDS<\/p>\n","protected":false},"featured_media":252696,"template":"","meta":{"_et_pb_use_builder":"","_et_pb_old_content":"","_et_gb_content_width":""},"product_brand":[],"product_cat":[579],"product_tag":[],"class_list":{"0":"post-252703","1":"product","2":"type-product","3":"status-publish","4":"has-post-thumbnail","6":"product_cat-fauteuils","8":"first","9":"instock","10":"virtual","11":"product-type-simple"},"_links":{"self":[{"href":"https:\/\/mhr.com.pt\/fr\/wp-json\/wp\/v2\/product\/252703","targetHints":{"allow":["GET"]}}],"collection":[{"href":"https:\/\/mhr.com.pt\/fr\/wp-json\/wp\/v2\/product"}],"about":[{"href":"https:\/\/mhr.com.pt\/fr\/wp-json\/wp\/v2\/types\/product"}],"wp:featuredmedia":[{"embeddable":true,"href":"https:\/\/mhr.com.pt\/fr\/wp-json\/wp\/v2\/media\/252696"}],"wp:attachment":[{"href":"https:\/\/mhr.com.pt\/fr\/wp-json\/wp\/v2\/media?parent=252703"}],"wp:term":[{"taxonomy":"product_brand","embeddable":true,"href":"https:\/\/mhr.com.pt\/fr\/wp-json\/wp\/v2\/product_brand?post=252703"},{"taxonomy":"product_cat","embeddable":true,"href":"https:\/\/mhr.com.pt\/fr\/wp-json\/wp\/v2\/product_cat?post=252703"},{"taxonomy":"product_tag","embeddable":true,"href":"https:\/\/mhr.com.pt\/fr\/wp-json\/wp\/v2\/product_tag?post=252703"}],"curies":[{"name":"wp","href":"https:\/\/api.w.org\/{rel}","templated":true}]}}