{"id":252706,"date":"2022-10-27T16:48:45","date_gmt":"2022-10-27T15:48:45","guid":{"rendered":"https:\/\/mhr.com.pt\/product\/m51\/"},"modified":"2022-10-27T16:48:45","modified_gmt":"2022-10-27T15:48:45","slug":"m51","status":"publish","type":"product","link":"https:\/\/mhr.com.pt\/fr\/product\/m51\/","title":{"rendered":"M51."},"content":{"rendered":"<p>Le fauteuil M51 pr\u00e9sente un accoudoir prononc\u00e9 aux lignes courbes qui se fond parfaitement dans son esth\u00e9tique contemporaine, offrant une exp\u00e9rience d\u2019assise enveloppante.<\/p>\n<p>La base structur\u00e9e, classique mais simple, offre un soutien parfait, en faisant un ajout polyvalent tant pour les int\u00e9rieurs traditionnels que modernes.<\/p>\n","protected":false},"excerpt":{"rendered":"<p>FAUTEUIL<\/p>\n","protected":false},"featured_media":252707,"template":"","meta":{"_et_pb_use_builder":"","_et_pb_old_content":"","_et_gb_content_width":""},"product_brand":[],"product_cat":[579],"product_tag":[],"class_list":{"0":"post-252706","1":"product","2":"type-product","3":"status-publish","4":"has-post-thumbnail","6":"product_cat-fauteuils","8":"first","9":"instock","10":"virtual","11":"product-type-simple"},"_links":{"self":[{"href":"https:\/\/mhr.com.pt\/fr\/wp-json\/wp\/v2\/product\/252706","targetHints":{"allow":["GET"]}}],"collection":[{"href":"https:\/\/mhr.com.pt\/fr\/wp-json\/wp\/v2\/product"}],"about":[{"href":"https:\/\/mhr.com.pt\/fr\/wp-json\/wp\/v2\/types\/product"}],"wp:featuredmedia":[{"embeddable":true,"href":"https:\/\/mhr.com.pt\/fr\/wp-json\/wp\/v2\/media\/252707"}],"wp:attachment":[{"href":"https:\/\/mhr.com.pt\/fr\/wp-json\/wp\/v2\/media?parent=252706"}],"wp:term":[{"taxonomy":"product_brand","embeddable":true,"href":"https:\/\/mhr.com.pt\/fr\/wp-json\/wp\/v2\/product_brand?post=252706"},{"taxonomy":"product_cat","embeddable":true,"href":"https:\/\/mhr.com.pt\/fr\/wp-json\/wp\/v2\/product_cat?post=252706"},{"taxonomy":"product_tag","embeddable":true,"href":"https:\/\/mhr.com.pt\/fr\/wp-json\/wp\/v2\/product_tag?post=252706"}],"curies":[{"name":"wp","href":"https:\/\/api.w.org\/{rel}","templated":true}]}}