{"id":252711,"date":"2022-10-27T16:57:47","date_gmt":"2022-10-27T15:57:47","guid":{"rendered":"https:\/\/mhr.com.pt\/product\/m52\/"},"modified":"2022-10-27T16:57:47","modified_gmt":"2022-10-27T15:57:47","slug":"m52","status":"publish","type":"product","link":"https:\/\/mhr.com.pt\/fr\/product\/m52\/","title":{"rendered":"M52."},"content":{"rendered":"<p>Avec ses lignes droites pr\u00e9dominantes, le fauteuil M52 pr\u00e9sente un design minimaliste bas\u00e9 sur une forme carr\u00e9e, tout en conservant une posture d\u00e9licate.<\/p>\n<p>La base cr\u00e9e l\u2019illusion de suspension, offrant une sensation d\u2019espace et de l\u00e9g\u00e8ret\u00e9 entre le fauteuil et le sol, ajoutant une touche de sophistication moderne \u00e0 tout environnement.<\/p>\n","protected":false},"excerpt":{"rendered":"<p>FAUTEUIL<\/p>\n","protected":false},"featured_media":252712,"template":"","meta":{"_et_pb_use_builder":"","_et_pb_old_content":"","_et_gb_content_width":""},"product_brand":[],"product_cat":[579],"product_tag":[],"class_list":{"0":"post-252711","1":"product","2":"type-product","3":"status-publish","4":"has-post-thumbnail","6":"product_cat-fauteuils","8":"first","9":"instock","10":"virtual","11":"product-type-simple"},"_links":{"self":[{"href":"https:\/\/mhr.com.pt\/fr\/wp-json\/wp\/v2\/product\/252711","targetHints":{"allow":["GET"]}}],"collection":[{"href":"https:\/\/mhr.com.pt\/fr\/wp-json\/wp\/v2\/product"}],"about":[{"href":"https:\/\/mhr.com.pt\/fr\/wp-json\/wp\/v2\/types\/product"}],"wp:featuredmedia":[{"embeddable":true,"href":"https:\/\/mhr.com.pt\/fr\/wp-json\/wp\/v2\/media\/252712"}],"wp:attachment":[{"href":"https:\/\/mhr.com.pt\/fr\/wp-json\/wp\/v2\/media?parent=252711"}],"wp:term":[{"taxonomy":"product_brand","embeddable":true,"href":"https:\/\/mhr.com.pt\/fr\/wp-json\/wp\/v2\/product_brand?post=252711"},{"taxonomy":"product_cat","embeddable":true,"href":"https:\/\/mhr.com.pt\/fr\/wp-json\/wp\/v2\/product_cat?post=252711"},{"taxonomy":"product_tag","embeddable":true,"href":"https:\/\/mhr.com.pt\/fr\/wp-json\/wp\/v2\/product_tag?post=252711"}],"curies":[{"name":"wp","href":"https:\/\/api.w.org\/{rel}","templated":true}]}}