{"id":252721,"date":"2022-10-27T17:02:01","date_gmt":"2022-10-27T16:02:01","guid":{"rendered":"https:\/\/mhr.com.pt\/product\/m54\/"},"modified":"2022-10-27T17:02:01","modified_gmt":"2022-10-27T16:02:01","slug":"m54","status":"publish","type":"product","link":"https:\/\/mhr.com.pt\/fr\/product\/m54\/","title":{"rendered":"M54."},"content":{"rendered":"<p>Le fauteuil M54 est con\u00e7u avec un mouvement subtil, pr\u00e9sentant un accoudoir tr\u00e8s \u00e9troit mais bien rembourr\u00e9 qui contraste avec son assise volumineuse et imposante.<\/p>\n<p>La base fine et d\u00e9licate s\u2019aligne avec l\u2019accoudoir, mettant en valeur la l\u00e9g\u00e8ret\u00e9 et l\u2019\u00e9l\u00e9gance du fauteuil, en faisant un ajout chic \u00e0 toute pi\u00e8ce.<\/p>\n","protected":false},"excerpt":{"rendered":"<p>FAUTEUIL<\/p>\n","protected":false},"featured_media":252722,"template":"","meta":{"_et_pb_use_builder":"","_et_pb_old_content":"","_et_gb_content_width":""},"product_brand":[],"product_cat":[579],"product_tag":[],"class_list":{"0":"post-252721","1":"product","2":"type-product","3":"status-publish","4":"has-post-thumbnail","6":"product_cat-fauteuils","8":"first","9":"instock","10":"virtual","11":"product-type-simple"},"_links":{"self":[{"href":"https:\/\/mhr.com.pt\/fr\/wp-json\/wp\/v2\/product\/252721","targetHints":{"allow":["GET"]}}],"collection":[{"href":"https:\/\/mhr.com.pt\/fr\/wp-json\/wp\/v2\/product"}],"about":[{"href":"https:\/\/mhr.com.pt\/fr\/wp-json\/wp\/v2\/types\/product"}],"wp:featuredmedia":[{"embeddable":true,"href":"https:\/\/mhr.com.pt\/fr\/wp-json\/wp\/v2\/media\/252722"}],"wp:attachment":[{"href":"https:\/\/mhr.com.pt\/fr\/wp-json\/wp\/v2\/media?parent=252721"}],"wp:term":[{"taxonomy":"product_brand","embeddable":true,"href":"https:\/\/mhr.com.pt\/fr\/wp-json\/wp\/v2\/product_brand?post=252721"},{"taxonomy":"product_cat","embeddable":true,"href":"https:\/\/mhr.com.pt\/fr\/wp-json\/wp\/v2\/product_cat?post=252721"},{"taxonomy":"product_tag","embeddable":true,"href":"https:\/\/mhr.com.pt\/fr\/wp-json\/wp\/v2\/product_tag?post=252721"}],"curies":[{"name":"wp","href":"https:\/\/api.w.org\/{rel}","templated":true}]}}