{"id":252728,"date":"2022-10-27T17:08:19","date_gmt":"2022-10-27T16:08:19","guid":{"rendered":"https:\/\/mhr.com.pt\/product\/m55\/"},"modified":"2022-10-27T17:08:19","modified_gmt":"2022-10-27T16:08:19","slug":"m55","status":"publish","type":"product","link":"https:\/\/mhr.com.pt\/fr\/product\/m55\/","title":{"rendered":"M55."},"content":{"rendered":"<p>Le fauteuil M55 se caract\u00e9rise par sa forme arrondie, son apparence moelleuse et son volume important, offrant \u00e0 la fois confort et attrait visuel.<\/p>\n<p>Disponible en deux tailles, il est suffisamment polyvalent pour s\u2019adapter \u00e0 diff\u00e9rents espaces, devenant un point central chaleureux et \u00e9l\u00e9gant dans toute pi\u00e8ce.<\/p>\n","protected":false},"excerpt":{"rendered":"<p>FAUTEUIL<\/p>\n","protected":false},"featured_media":252729,"template":"","meta":{"_et_pb_use_builder":"","_et_pb_old_content":"","_et_gb_content_width":""},"product_brand":[],"product_cat":[579],"product_tag":[],"class_list":{"0":"post-252728","1":"product","2":"type-product","3":"status-publish","4":"has-post-thumbnail","6":"product_cat-fauteuils","8":"first","9":"instock","10":"virtual","11":"product-type-simple"},"_links":{"self":[{"href":"https:\/\/mhr.com.pt\/fr\/wp-json\/wp\/v2\/product\/252728","targetHints":{"allow":["GET"]}}],"collection":[{"href":"https:\/\/mhr.com.pt\/fr\/wp-json\/wp\/v2\/product"}],"about":[{"href":"https:\/\/mhr.com.pt\/fr\/wp-json\/wp\/v2\/types\/product"}],"wp:featuredmedia":[{"embeddable":true,"href":"https:\/\/mhr.com.pt\/fr\/wp-json\/wp\/v2\/media\/252729"}],"wp:attachment":[{"href":"https:\/\/mhr.com.pt\/fr\/wp-json\/wp\/v2\/media?parent=252728"}],"wp:term":[{"taxonomy":"product_brand","embeddable":true,"href":"https:\/\/mhr.com.pt\/fr\/wp-json\/wp\/v2\/product_brand?post=252728"},{"taxonomy":"product_cat","embeddable":true,"href":"https:\/\/mhr.com.pt\/fr\/wp-json\/wp\/v2\/product_cat?post=252728"},{"taxonomy":"product_tag","embeddable":true,"href":"https:\/\/mhr.com.pt\/fr\/wp-json\/wp\/v2\/product_tag?post=252728"}],"curies":[{"name":"wp","href":"https:\/\/api.w.org\/{rel}","templated":true}]}}