{"id":252734,"date":"2021-02-25T15:02:36","date_gmt":"2021-02-25T15:02:36","guid":{"rendered":"https:\/\/mhr.com.pt\/product\/oliver\/"},"modified":"2021-02-25T15:02:36","modified_gmt":"2021-02-25T15:02:36","slug":"oliver","status":"publish","type":"product","link":"https:\/\/mhr.com.pt\/fr\/product\/oliver\/","title":{"rendered":"Oliver."},"content":{"rendered":"<p>Le fauteuil Oliver pr\u00e9sente un design d\u2019assise avec structure invisible qui donne l\u2019illusion de flotter, cr\u00e9ant un impact visuel saisissant. Ses accoudoirs m\u00e9talliques, \u00e0 la fois pro\u00e9minents et \u00e9l\u00e9gamment sculpt\u00e9s, offrent un fort contraste avec le rembourrage robuste qui assure un confort optimal.<\/p>\n<p>Avec ses lignes minimalistes et sa forme simple, Oliver se distingue comme une pi\u00e8ce ma\u00eetresse qui se marie facilement avec une vari\u00e9t\u00e9 de mat\u00e9riaux et d\u2019autres styles de mobilier, en faisant un ajout polyvalent \u00e0 tout int\u00e9rieur.<\/p>\n","protected":false},"excerpt":{"rendered":"<p>FAUTEUIL<\/p>\n","protected":false},"featured_media":252735,"template":"","meta":{"_et_pb_use_builder":"","_et_pb_old_content":"","_et_gb_content_width":""},"product_brand":[],"product_cat":[579],"product_tag":[],"class_list":{"0":"post-252734","1":"product","2":"type-product","3":"status-publish","4":"has-post-thumbnail","6":"product_cat-fauteuils","8":"first","9":"instock","10":"virtual","11":"product-type-simple"},"_links":{"self":[{"href":"https:\/\/mhr.com.pt\/fr\/wp-json\/wp\/v2\/product\/252734","targetHints":{"allow":["GET"]}}],"collection":[{"href":"https:\/\/mhr.com.pt\/fr\/wp-json\/wp\/v2\/product"}],"about":[{"href":"https:\/\/mhr.com.pt\/fr\/wp-json\/wp\/v2\/types\/product"}],"wp:featuredmedia":[{"embeddable":true,"href":"https:\/\/mhr.com.pt\/fr\/wp-json\/wp\/v2\/media\/252735"}],"wp:attachment":[{"href":"https:\/\/mhr.com.pt\/fr\/wp-json\/wp\/v2\/media?parent=252734"}],"wp:term":[{"taxonomy":"product_brand","embeddable":true,"href":"https:\/\/mhr.com.pt\/fr\/wp-json\/wp\/v2\/product_brand?post=252734"},{"taxonomy":"product_cat","embeddable":true,"href":"https:\/\/mhr.com.pt\/fr\/wp-json\/wp\/v2\/product_cat?post=252734"},{"taxonomy":"product_tag","embeddable":true,"href":"https:\/\/mhr.com.pt\/fr\/wp-json\/wp\/v2\/product_tag?post=252734"}],"curies":[{"name":"wp","href":"https:\/\/api.w.org\/{rel}","templated":true}]}}