{"id":252744,"date":"2021-02-25T15:03:21","date_gmt":"2021-02-25T15:03:21","guid":{"rendered":"https:\/\/mhr.com.pt\/product\/vogue\/"},"modified":"2021-02-25T15:03:21","modified_gmt":"2021-02-25T15:03:21","slug":"vogue","status":"publish","type":"product","link":"https:\/\/mhr.com.pt\/fr\/product\/vogue\/","title":{"rendered":"Vogue."},"content":{"rendered":"<p>Le fauteuil Vogue combine habilement lignes droites et courbes, toutes travaill\u00e9es en bois massif, cr\u00e9ant une silhouette dynamique et \u00e9l\u00e9gante.<\/p>\n<p>L\u2019association de bois riche et de tissu rembourr\u00e9 moelleux offre un design qui privil\u00e9gie le confort sans sacrifier le style.<\/p>\n<p>Avec sa pr\u00e9sence marquante et sa construction solide, Vogue s\u2019int\u00e8gre facilement \u00e0 diff\u00e9rents styles d\u2019int\u00e9rieurs, tout en conservant son caract\u00e8re unique et en s\u2019harmonisant avec la d\u00e9coration existante.<\/p>\n","protected":false},"excerpt":{"rendered":"<p>FAUTEUIL<\/p>\n","protected":false},"featured_media":252745,"template":"","meta":{"_et_pb_use_builder":"","_et_pb_old_content":"","_et_gb_content_width":""},"product_brand":[],"product_cat":[579],"product_tag":[],"class_list":{"0":"post-252744","1":"product","2":"type-product","3":"status-publish","4":"has-post-thumbnail","6":"product_cat-fauteuils","8":"first","9":"instock","10":"virtual","11":"product-type-simple"},"_links":{"self":[{"href":"https:\/\/mhr.com.pt\/fr\/wp-json\/wp\/v2\/product\/252744","targetHints":{"allow":["GET"]}}],"collection":[{"href":"https:\/\/mhr.com.pt\/fr\/wp-json\/wp\/v2\/product"}],"about":[{"href":"https:\/\/mhr.com.pt\/fr\/wp-json\/wp\/v2\/types\/product"}],"wp:featuredmedia":[{"embeddable":true,"href":"https:\/\/mhr.com.pt\/fr\/wp-json\/wp\/v2\/media\/252745"}],"wp:attachment":[{"href":"https:\/\/mhr.com.pt\/fr\/wp-json\/wp\/v2\/media?parent=252744"}],"wp:term":[{"taxonomy":"product_brand","embeddable":true,"href":"https:\/\/mhr.com.pt\/fr\/wp-json\/wp\/v2\/product_brand?post=252744"},{"taxonomy":"product_cat","embeddable":true,"href":"https:\/\/mhr.com.pt\/fr\/wp-json\/wp\/v2\/product_cat?post=252744"},{"taxonomy":"product_tag","embeddable":true,"href":"https:\/\/mhr.com.pt\/fr\/wp-json\/wp\/v2\/product_tag?post=252744"}],"curies":[{"name":"wp","href":"https:\/\/api.w.org\/{rel}","templated":true}]}}