{"id":252761,"date":"2022-11-14T09:55:52","date_gmt":"2022-11-14T09:55:52","guid":{"rendered":"https:\/\/mhr.com.pt\/product\/louise\/"},"modified":"2022-11-14T09:55:52","modified_gmt":"2022-11-14T09:55:52","slug":"louise","status":"publish","type":"product","link":"https:\/\/mhr.com.pt\/fr\/product\/louise\/","title":{"rendered":"Louise."},"content":{"rendered":"<p>Le pot de fleurs sur pied Louise apporte de la sophistication gr\u00e2ce \u00e0 ses lignes simples et ses formes entrelac\u00e9es.<\/p>\n<p>Ce design est \u00e0 la fois moderne et \u00e9l\u00e9gant, capable de valoriser n\u2019importe quel espace. Sa structure unique en fait un \u00e9l\u00e9ment d\u2019accent parfait pour mettre en valeur les plantes tout en ajoutant une touche sophistiqu\u00e9e \u00e0 votre salon.<\/p>\n","protected":false},"excerpt":{"rendered":"<p>POT DE FLEUR<\/p>\n","protected":false},"featured_media":252762,"template":"","meta":{"_et_pb_use_builder":"","_et_pb_old_content":"","_et_gb_content_width":""},"product_brand":[],"product_cat":[580],"product_tag":[],"class_list":{"0":"post-252761","1":"product","2":"type-product","3":"status-publish","4":"has-post-thumbnail","6":"product_cat-etageres-consoles-pots-de-fleurs","8":"first","9":"instock","10":"shipping-taxable","11":"product-type-simple"},"_links":{"self":[{"href":"https:\/\/mhr.com.pt\/fr\/wp-json\/wp\/v2\/product\/252761","targetHints":{"allow":["GET"]}}],"collection":[{"href":"https:\/\/mhr.com.pt\/fr\/wp-json\/wp\/v2\/product"}],"about":[{"href":"https:\/\/mhr.com.pt\/fr\/wp-json\/wp\/v2\/types\/product"}],"wp:featuredmedia":[{"embeddable":true,"href":"https:\/\/mhr.com.pt\/fr\/wp-json\/wp\/v2\/media\/252762"}],"wp:attachment":[{"href":"https:\/\/mhr.com.pt\/fr\/wp-json\/wp\/v2\/media?parent=252761"}],"wp:term":[{"taxonomy":"product_brand","embeddable":true,"href":"https:\/\/mhr.com.pt\/fr\/wp-json\/wp\/v2\/product_brand?post=252761"},{"taxonomy":"product_cat","embeddable":true,"href":"https:\/\/mhr.com.pt\/fr\/wp-json\/wp\/v2\/product_cat?post=252761"},{"taxonomy":"product_tag","embeddable":true,"href":"https:\/\/mhr.com.pt\/fr\/wp-json\/wp\/v2\/product_tag?post=252761"}],"curies":[{"name":"wp","href":"https:\/\/api.w.org\/{rel}","templated":true}]}}