{"id":252764,"date":"2025-03-31T15:06:13","date_gmt":"2025-03-31T14:06:13","guid":{"rendered":"https:\/\/mhr.com.pt\/product\/eleanor\/"},"modified":"2025-03-31T15:06:13","modified_gmt":"2025-03-31T14:06:13","slug":"eleanor","status":"publish","type":"product","link":"https:\/\/mhr.com.pt\/fr\/product\/eleanor\/","title":{"rendered":"Eleanor."},"content":{"rendered":"<p>Le pot de fleurs sur pied Eleanor combine des lignes simples avec des formes \u00e0 la fois droites et arrondies, cr\u00e9ant ainsi un design sophistiqu\u00e9.<\/p>\n<p>Ce pot est id\u00e9al pour ajouter une touche raffin\u00e9e \u00e0 n\u2019importe quel espace, devenant un foyer \u00e9l\u00e9gant pour vos plantes tout en s\u2019int\u00e9grant harmonieusement dans divers styles d\u2019int\u00e9rieur.<\/p>\n","protected":false},"excerpt":{"rendered":"<p>POT DE FLEUR<\/p>\n","protected":false},"featured_media":252765,"template":"","meta":{"_et_pb_use_builder":"","_et_pb_old_content":"","_et_gb_content_width":""},"product_brand":[],"product_cat":[580],"product_tag":[],"class_list":{"0":"post-252764","1":"product","2":"type-product","3":"status-publish","4":"has-post-thumbnail","6":"product_cat-etageres-consoles-pots-de-fleurs","8":"first","9":"instock","10":"shipping-taxable","11":"product-type-simple"},"_links":{"self":[{"href":"https:\/\/mhr.com.pt\/fr\/wp-json\/wp\/v2\/product\/252764","targetHints":{"allow":["GET"]}}],"collection":[{"href":"https:\/\/mhr.com.pt\/fr\/wp-json\/wp\/v2\/product"}],"about":[{"href":"https:\/\/mhr.com.pt\/fr\/wp-json\/wp\/v2\/types\/product"}],"wp:featuredmedia":[{"embeddable":true,"href":"https:\/\/mhr.com.pt\/fr\/wp-json\/wp\/v2\/media\/252765"}],"wp:attachment":[{"href":"https:\/\/mhr.com.pt\/fr\/wp-json\/wp\/v2\/media?parent=252764"}],"wp:term":[{"taxonomy":"product_brand","embeddable":true,"href":"https:\/\/mhr.com.pt\/fr\/wp-json\/wp\/v2\/product_brand?post=252764"},{"taxonomy":"product_cat","embeddable":true,"href":"https:\/\/mhr.com.pt\/fr\/wp-json\/wp\/v2\/product_cat?post=252764"},{"taxonomy":"product_tag","embeddable":true,"href":"https:\/\/mhr.com.pt\/fr\/wp-json\/wp\/v2\/product_tag?post=252764"}],"curies":[{"name":"wp","href":"https:\/\/api.w.org\/{rel}","templated":true}]}}