{"id":252781,"date":"2022-11-02T15:08:22","date_gmt":"2022-11-02T15:08:22","guid":{"rendered":"https:\/\/mhr.com.pt\/product\/joy\/"},"modified":"2022-11-02T15:08:22","modified_gmt":"2022-11-02T15:08:22","slug":"joy","status":"publish","type":"product","link":"https:\/\/mhr.com.pt\/fr\/product\/joy\/","title":{"rendered":"Joy."},"content":{"rendered":"<p>L\u2019\u00e9tag\u00e8re Joy est \u00e0 la hauteur de son nom en incarnant la joie de la vie, exprim\u00e9e \u00e0 travers ses courbes, ses hauts et ses bas.<\/p>\n<p>Avec des lignes fines et courbes, cette \u00e9tag\u00e8re enveloppe l\u2019espace et se distingue comme une pi\u00e8ce unique.<\/p>\n<p>Elle est con\u00e7ue pour apporter une sensation de joie et de fluidit\u00e9 dans votre int\u00e9rieur.<\/p>\n","protected":false},"excerpt":{"rendered":"<p>\u00c9TAG\u00c8RE<\/p>\n","protected":false},"featured_media":252782,"template":"","meta":{"_et_pb_use_builder":"","_et_pb_old_content":"","_et_gb_content_width":""},"product_brand":[],"product_cat":[580],"product_tag":[],"class_list":{"0":"post-252781","1":"product","2":"type-product","3":"status-publish","4":"has-post-thumbnail","6":"product_cat-etageres-consoles-pots-de-fleurs","8":"first","9":"instock","10":"virtual","11":"product-type-simple"},"_links":{"self":[{"href":"https:\/\/mhr.com.pt\/fr\/wp-json\/wp\/v2\/product\/252781","targetHints":{"allow":["GET"]}}],"collection":[{"href":"https:\/\/mhr.com.pt\/fr\/wp-json\/wp\/v2\/product"}],"about":[{"href":"https:\/\/mhr.com.pt\/fr\/wp-json\/wp\/v2\/types\/product"}],"wp:featuredmedia":[{"embeddable":true,"href":"https:\/\/mhr.com.pt\/fr\/wp-json\/wp\/v2\/media\/252782"}],"wp:attachment":[{"href":"https:\/\/mhr.com.pt\/fr\/wp-json\/wp\/v2\/media?parent=252781"}],"wp:term":[{"taxonomy":"product_brand","embeddable":true,"href":"https:\/\/mhr.com.pt\/fr\/wp-json\/wp\/v2\/product_brand?post=252781"},{"taxonomy":"product_cat","embeddable":true,"href":"https:\/\/mhr.com.pt\/fr\/wp-json\/wp\/v2\/product_cat?post=252781"},{"taxonomy":"product_tag","embeddable":true,"href":"https:\/\/mhr.com.pt\/fr\/wp-json\/wp\/v2\/product_tag?post=252781"}],"curies":[{"name":"wp","href":"https:\/\/api.w.org\/{rel}","templated":true}]}}