{"id":252791,"date":"2022-11-02T16:02:05","date_gmt":"2022-11-02T16:02:05","guid":{"rendered":"https:\/\/mhr.com.pt\/product\/soul\/"},"modified":"2022-11-02T16:02:05","modified_gmt":"2022-11-02T16:02:05","slug":"soul","status":"publish","type":"product","link":"https:\/\/mhr.com.pt\/fr\/product\/soul\/","title":{"rendered":"Soul."},"content":{"rendered":"<p>L\u2019\u00e9tag\u00e8re Soul, disponible en quatre versions, est con\u00e7ue pour \u00eatre le compl\u00e9ment parfait et un s\u00e9parateur de pi\u00e8ce, cr\u00e9ant une s\u00e9paration tout en laissant passer le regard.<\/p>\n<p>Cette \u00e9tag\u00e8re haute et imposante pr\u00e9sente des espaces et des hauteurs diff\u00e9rents, id\u00e9ale pour exposer vos objets d\u00e9coratifs pr\u00e9f\u00e9r\u00e9s.<\/p>\n<p>Le cube en verre sert de vitrine, mettant en valeur tout ce qui y est plac\u00e9, et l\u2019\u00e9tag\u00e8re fonctionne tout aussi bien des deux c\u00f4t\u00e9s.<\/p>\n","protected":false},"excerpt":{"rendered":"<p>\u00c9TAG\u00c8RE<\/p>\n","protected":false},"featured_media":252792,"template":"","meta":{"_et_pb_use_builder":"","_et_pb_old_content":"","_et_gb_content_width":""},"product_brand":[],"product_cat":[580],"product_tag":[],"class_list":{"0":"post-252791","1":"product","2":"type-product","3":"status-publish","4":"has-post-thumbnail","6":"product_cat-etageres-consoles-pots-de-fleurs","8":"first","9":"instock","10":"virtual","11":"product-type-simple"},"_links":{"self":[{"href":"https:\/\/mhr.com.pt\/fr\/wp-json\/wp\/v2\/product\/252791","targetHints":{"allow":["GET"]}}],"collection":[{"href":"https:\/\/mhr.com.pt\/fr\/wp-json\/wp\/v2\/product"}],"about":[{"href":"https:\/\/mhr.com.pt\/fr\/wp-json\/wp\/v2\/types\/product"}],"wp:featuredmedia":[{"embeddable":true,"href":"https:\/\/mhr.com.pt\/fr\/wp-json\/wp\/v2\/media\/252792"}],"wp:attachment":[{"href":"https:\/\/mhr.com.pt\/fr\/wp-json\/wp\/v2\/media?parent=252791"}],"wp:term":[{"taxonomy":"product_brand","embeddable":true,"href":"https:\/\/mhr.com.pt\/fr\/wp-json\/wp\/v2\/product_brand?post=252791"},{"taxonomy":"product_cat","embeddable":true,"href":"https:\/\/mhr.com.pt\/fr\/wp-json\/wp\/v2\/product_cat?post=252791"},{"taxonomy":"product_tag","embeddable":true,"href":"https:\/\/mhr.com.pt\/fr\/wp-json\/wp\/v2\/product_tag?post=252791"}],"curies":[{"name":"wp","href":"https:\/\/api.w.org\/{rel}","templated":true}]}}