{"id":252799,"date":"2022-11-10T16:57:36","date_gmt":"2022-11-10T16:57:36","guid":{"rendered":"https:\/\/mhr.com.pt\/product\/flow\/"},"modified":"2022-11-10T16:57:36","modified_gmt":"2022-11-10T16:57:36","slug":"flow","status":"publish","type":"product","link":"https:\/\/mhr.com.pt\/fr\/product\/flow\/","title":{"rendered":"Flow."},"content":{"rendered":"<p>La console Flow, disponible en versions haute et basse, pr\u00e9sente un plateau remarquable qui m\u00eale m\u00e9tal et bois pour une connexion harmonieuse.<\/p>\n<p>Caract\u00e9ris\u00e9e par ses lignes fines, cette console associe un plateau solide et dominant \u00e0 une structure \u00e9l\u00e9gante, incarnant le flux naturel des lignes dans son design.<\/p>\n","protected":false},"excerpt":{"rendered":"<p>CONSOLES<\/p>\n","protected":false},"featured_media":252801,"template":"","meta":{"_et_pb_use_builder":"","_et_pb_old_content":"","_et_gb_content_width":""},"product_brand":[],"product_cat":[580],"product_tag":[],"class_list":{"0":"post-252799","1":"product","2":"type-product","3":"status-publish","4":"has-post-thumbnail","6":"product_cat-etageres-consoles-pots-de-fleurs","8":"first","9":"instock","10":"shipping-taxable","11":"product-type-simple"},"_links":{"self":[{"href":"https:\/\/mhr.com.pt\/fr\/wp-json\/wp\/v2\/product\/252799","targetHints":{"allow":["GET"]}}],"collection":[{"href":"https:\/\/mhr.com.pt\/fr\/wp-json\/wp\/v2\/product"}],"about":[{"href":"https:\/\/mhr.com.pt\/fr\/wp-json\/wp\/v2\/types\/product"}],"wp:featuredmedia":[{"embeddable":true,"href":"https:\/\/mhr.com.pt\/fr\/wp-json\/wp\/v2\/media\/252801"}],"wp:attachment":[{"href":"https:\/\/mhr.com.pt\/fr\/wp-json\/wp\/v2\/media?parent=252799"}],"wp:term":[{"taxonomy":"product_brand","embeddable":true,"href":"https:\/\/mhr.com.pt\/fr\/wp-json\/wp\/v2\/product_brand?post=252799"},{"taxonomy":"product_cat","embeddable":true,"href":"https:\/\/mhr.com.pt\/fr\/wp-json\/wp\/v2\/product_cat?post=252799"},{"taxonomy":"product_tag","embeddable":true,"href":"https:\/\/mhr.com.pt\/fr\/wp-json\/wp\/v2\/product_tag?post=252799"}],"curies":[{"name":"wp","href":"https:\/\/api.w.org\/{rel}","templated":true}]}}