{"id":252805,"date":"2022-11-10T17:09:55","date_gmt":"2022-11-10T17:09:55","guid":{"rendered":"https:\/\/mhr.com.pt\/product\/motion\/"},"modified":"2022-11-10T17:09:55","modified_gmt":"2022-11-10T17:09:55","slug":"motion","status":"publish","type":"product","link":"https:\/\/mhr.com.pt\/fr\/product\/motion\/","title":{"rendered":"Motion."},"content":{"rendered":"<p>La console Motion, comme son nom l\u2019indique, repr\u00e9sente le mouvement \u00e0 travers son volet lat\u00e9ral qui suit le flux de la console.<\/p>\n<p>Le design m\u00eale formes droites et arrondies, ainsi que m\u00e9tal et rev\u00eatement, cr\u00e9ant du dynamisme dans la pi\u00e8ce.<\/p>\n<p>Ces \u00e9l\u00e9ments se combinent pour repr\u00e9senter la fusion des mouvements et des transitions de la vie.<\/p>\n","protected":false},"excerpt":{"rendered":"<p>CONSOLES<\/p>\n","protected":false},"featured_media":252806,"template":"","meta":{"_et_pb_use_builder":"","_et_pb_old_content":"","_et_gb_content_width":""},"product_brand":[],"product_cat":[580],"product_tag":[],"class_list":{"0":"post-252805","1":"product","2":"type-product","3":"status-publish","4":"has-post-thumbnail","6":"product_cat-etageres-consoles-pots-de-fleurs","8":"first","9":"instock","10":"shipping-taxable","11":"product-type-simple"},"_links":{"self":[{"href":"https:\/\/mhr.com.pt\/fr\/wp-json\/wp\/v2\/product\/252805","targetHints":{"allow":["GET"]}}],"collection":[{"href":"https:\/\/mhr.com.pt\/fr\/wp-json\/wp\/v2\/product"}],"about":[{"href":"https:\/\/mhr.com.pt\/fr\/wp-json\/wp\/v2\/types\/product"}],"wp:featuredmedia":[{"embeddable":true,"href":"https:\/\/mhr.com.pt\/fr\/wp-json\/wp\/v2\/media\/252806"}],"wp:attachment":[{"href":"https:\/\/mhr.com.pt\/fr\/wp-json\/wp\/v2\/media?parent=252805"}],"wp:term":[{"taxonomy":"product_brand","embeddable":true,"href":"https:\/\/mhr.com.pt\/fr\/wp-json\/wp\/v2\/product_brand?post=252805"},{"taxonomy":"product_cat","embeddable":true,"href":"https:\/\/mhr.com.pt\/fr\/wp-json\/wp\/v2\/product_cat?post=252805"},{"taxonomy":"product_tag","embeddable":true,"href":"https:\/\/mhr.com.pt\/fr\/wp-json\/wp\/v2\/product_tag?post=252805"}],"curies":[{"name":"wp","href":"https:\/\/api.w.org\/{rel}","templated":true}]}}