{"id":252820,"date":"2025-03-24T10:25:37","date_gmt":"2025-03-24T10:25:37","guid":{"rendered":"https:\/\/mhr.com.pt\/product\/adams\/"},"modified":"2025-03-24T10:25:37","modified_gmt":"2025-03-24T10:25:37","slug":"adams","status":"publish","type":"product","link":"https:\/\/mhr.com.pt\/fr\/product\/adams\/","title":{"rendered":"Adams."},"content":{"rendered":"<p>La table \u00e0 manger ronde Adams est une pi\u00e8ce solide et robuste qui atteint un \u00e9quilibre parfait gr\u00e2ce \u00e0 sa base semi-circulaire cannel\u00e9e, compl\u00e9tant la forme ronde de la table. L\u2019autre moiti\u00e9 de la base rompt cette circularit\u00e9 avec des lignes perpendiculaires, ajoutant un contraste unique au design.<\/p>\n<p>Force et \u00e9l\u00e9gance se combinent pour faire de cette table un point central remarquable dans tout espace de repas.<\/p>\n","protected":false},"excerpt":{"rendered":"<p>TABLE \u00c0 MANGER<\/p>\n","protected":false},"featured_media":252821,"template":"","meta":{"_et_pb_use_builder":"","_et_pb_old_content":"","_et_gb_content_width":""},"product_brand":[],"product_cat":[583,582,584],"product_tag":[],"class_list":{"0":"post-252820","1":"product","2":"type-product","3":"status-publish","4":"has-post-thumbnail","6":"product_cat-adams-ligne","7":"product_cat-salle-a-manger-et-accessoires","8":"product_cat-tables-a-manger","10":"first","11":"instock","12":"shipping-taxable","13":"product-type-simple"},"_links":{"self":[{"href":"https:\/\/mhr.com.pt\/fr\/wp-json\/wp\/v2\/product\/252820","targetHints":{"allow":["GET"]}}],"collection":[{"href":"https:\/\/mhr.com.pt\/fr\/wp-json\/wp\/v2\/product"}],"about":[{"href":"https:\/\/mhr.com.pt\/fr\/wp-json\/wp\/v2\/types\/product"}],"wp:featuredmedia":[{"embeddable":true,"href":"https:\/\/mhr.com.pt\/fr\/wp-json\/wp\/v2\/media\/252821"}],"wp:attachment":[{"href":"https:\/\/mhr.com.pt\/fr\/wp-json\/wp\/v2\/media?parent=252820"}],"wp:term":[{"taxonomy":"product_brand","embeddable":true,"href":"https:\/\/mhr.com.pt\/fr\/wp-json\/wp\/v2\/product_brand?post=252820"},{"taxonomy":"product_cat","embeddable":true,"href":"https:\/\/mhr.com.pt\/fr\/wp-json\/wp\/v2\/product_cat?post=252820"},{"taxonomy":"product_tag","embeddable":true,"href":"https:\/\/mhr.com.pt\/fr\/wp-json\/wp\/v2\/product_tag?post=252820"}],"curies":[{"name":"wp","href":"https:\/\/api.w.org\/{rel}","templated":true}]}}