{"id":252826,"date":"2025-03-24T10:22:21","date_gmt":"2025-03-24T10:22:21","guid":{"rendered":"https:\/\/mhr.com.pt\/product\/adams-3\/"},"modified":"2025-03-24T10:22:21","modified_gmt":"2025-03-24T10:22:21","slug":"adams-3","status":"publish","type":"product","link":"https:\/\/mhr.com.pt\/fr\/product\/adams-3\/","title":{"rendered":"Adams."},"content":{"rendered":"<p>Les meubles d\u2019appoint Adams apportent un rangement fonctionnel tout en conservant une esth\u00e9tique l\u00e9g\u00e8re et raffin\u00e9e. Les bases en acrylique soul\u00e8vent le volume, tandis que les surfaces cannel\u00e9es en bois cr\u00e9ent une connexion visuelle coh\u00e9rente et \u00e9l\u00e9gante avec l\u2019ensemble de la ligne.<\/p>\n","protected":false},"excerpt":{"rendered":"<p>MEUBLE D\u2019APPOINT<\/p>\n","protected":false},"featured_media":252827,"template":"","meta":{"_et_pb_use_builder":"","_et_pb_old_content":"","_et_gb_content_width":""},"product_brand":[],"product_cat":[583,582],"product_tag":[],"class_list":{"0":"post-252826","1":"product","2":"type-product","3":"status-publish","4":"has-post-thumbnail","6":"product_cat-adams-ligne","7":"product_cat-salle-a-manger-et-accessoires","9":"first","10":"instock","11":"shipping-taxable","12":"product-type-simple"},"_links":{"self":[{"href":"https:\/\/mhr.com.pt\/fr\/wp-json\/wp\/v2\/product\/252826","targetHints":{"allow":["GET"]}}],"collection":[{"href":"https:\/\/mhr.com.pt\/fr\/wp-json\/wp\/v2\/product"}],"about":[{"href":"https:\/\/mhr.com.pt\/fr\/wp-json\/wp\/v2\/types\/product"}],"wp:featuredmedia":[{"embeddable":true,"href":"https:\/\/mhr.com.pt\/fr\/wp-json\/wp\/v2\/media\/252827"}],"wp:attachment":[{"href":"https:\/\/mhr.com.pt\/fr\/wp-json\/wp\/v2\/media?parent=252826"}],"wp:term":[{"taxonomy":"product_brand","embeddable":true,"href":"https:\/\/mhr.com.pt\/fr\/wp-json\/wp\/v2\/product_brand?post=252826"},{"taxonomy":"product_cat","embeddable":true,"href":"https:\/\/mhr.com.pt\/fr\/wp-json\/wp\/v2\/product_cat?post=252826"},{"taxonomy":"product_tag","embeddable":true,"href":"https:\/\/mhr.com.pt\/fr\/wp-json\/wp\/v2\/product_tag?post=252826"}],"curies":[{"name":"wp","href":"https:\/\/api.w.org\/{rel}","templated":true}]}}