{"id":252831,"date":"2025-03-24T10:21:20","date_gmt":"2025-03-24T10:21:20","guid":{"rendered":"https:\/\/mhr.com.pt\/product\/adams-4\/"},"modified":"2025-03-24T10:21:20","modified_gmt":"2025-03-24T10:21:20","slug":"adams-4","status":"publish","type":"product","link":"https:\/\/mhr.com.pt\/fr\/product\/adams-4\/","title":{"rendered":"Adams."},"content":{"rendered":"<p>Le buffet Adams se distingue par son design imposant, contrast\u00e9 par l\u2019effet de suspension cr\u00e9\u00e9 par les pieds en acrylique. Les surfaces cannel\u00e9es en bois renforcent le rythme visuel de la pi\u00e8ce, offrant un \u00e9quilibre parfait entre audace et subtilit\u00e9.<\/p>\n","protected":false},"excerpt":{"rendered":"<p>BAHUT<\/p>\n","protected":false},"featured_media":252832,"template":"","meta":{"_et_pb_use_builder":"","_et_pb_old_content":"","_et_gb_content_width":""},"product_brand":[],"product_cat":[583,582],"product_tag":[],"class_list":{"0":"post-252831","1":"product","2":"type-product","3":"status-publish","4":"has-post-thumbnail","6":"product_cat-adams-ligne","7":"product_cat-salle-a-manger-et-accessoires","9":"first","10":"instock","11":"shipping-taxable","12":"product-type-simple"},"_links":{"self":[{"href":"https:\/\/mhr.com.pt\/fr\/wp-json\/wp\/v2\/product\/252831","targetHints":{"allow":["GET"]}}],"collection":[{"href":"https:\/\/mhr.com.pt\/fr\/wp-json\/wp\/v2\/product"}],"about":[{"href":"https:\/\/mhr.com.pt\/fr\/wp-json\/wp\/v2\/types\/product"}],"wp:featuredmedia":[{"embeddable":true,"href":"https:\/\/mhr.com.pt\/fr\/wp-json\/wp\/v2\/media\/252832"}],"wp:attachment":[{"href":"https:\/\/mhr.com.pt\/fr\/wp-json\/wp\/v2\/media?parent=252831"}],"wp:term":[{"taxonomy":"product_brand","embeddable":true,"href":"https:\/\/mhr.com.pt\/fr\/wp-json\/wp\/v2\/product_brand?post=252831"},{"taxonomy":"product_cat","embeddable":true,"href":"https:\/\/mhr.com.pt\/fr\/wp-json\/wp\/v2\/product_cat?post=252831"},{"taxonomy":"product_tag","embeddable":true,"href":"https:\/\/mhr.com.pt\/fr\/wp-json\/wp\/v2\/product_tag?post=252831"}],"curies":[{"name":"wp","href":"https:\/\/api.w.org\/{rel}","templated":true}]}}