{"id":252837,"date":"2025-03-24T10:23:43","date_gmt":"2025-03-24T10:23:43","guid":{"rendered":"https:\/\/mhr.com.pt\/product\/adams-6\/"},"modified":"2025-12-17T15:28:44","modified_gmt":"2025-12-17T15:28:44","slug":"adams-6","status":"publish","type":"product","link":"https:\/\/mhr.com.pt\/fr\/product\/adams-6\/","title":{"rendered":"Adams."},"content":{"rendered":"<p>Le miroir mural Adams compl\u00e8te la collection avec simplicit\u00e9 et \u00e9l\u00e9gance. Le cadre en bois cannel\u00e9 ajoute de la texture et de la sophistication, refl\u00e9tant le langage de design pr\u00e9sent dans toute la ligne Adams.<\/p>\n","protected":false},"excerpt":{"rendered":"<p>MIROIR MURAL<\/p>\n","protected":false},"featured_media":252838,"template":"","meta":{"_et_pb_use_builder":"","_et_pb_old_content":"","_et_gb_content_width":""},"product_brand":[],"product_cat":[583,585,582],"product_tag":[],"class_list":{"0":"post-252837","1":"product","2":"type-product","3":"status-publish","4":"has-post-thumbnail","6":"product_cat-adams-ligne","7":"product_cat-miroirs-muraux","8":"product_cat-salle-a-manger-et-accessoires","10":"first","11":"instock","12":"shipping-taxable","13":"product-type-simple"},"_links":{"self":[{"href":"https:\/\/mhr.com.pt\/fr\/wp-json\/wp\/v2\/product\/252837","targetHints":{"allow":["GET"]}}],"collection":[{"href":"https:\/\/mhr.com.pt\/fr\/wp-json\/wp\/v2\/product"}],"about":[{"href":"https:\/\/mhr.com.pt\/fr\/wp-json\/wp\/v2\/types\/product"}],"wp:featuredmedia":[{"embeddable":true,"href":"https:\/\/mhr.com.pt\/fr\/wp-json\/wp\/v2\/media\/252838"}],"wp:attachment":[{"href":"https:\/\/mhr.com.pt\/fr\/wp-json\/wp\/v2\/media?parent=252837"}],"wp:term":[{"taxonomy":"product_brand","embeddable":true,"href":"https:\/\/mhr.com.pt\/fr\/wp-json\/wp\/v2\/product_brand?post=252837"},{"taxonomy":"product_cat","embeddable":true,"href":"https:\/\/mhr.com.pt\/fr\/wp-json\/wp\/v2\/product_cat?post=252837"},{"taxonomy":"product_tag","embeddable":true,"href":"https:\/\/mhr.com.pt\/fr\/wp-json\/wp\/v2\/product_tag?post=252837"}],"curies":[{"name":"wp","href":"https:\/\/api.w.org\/{rel}","templated":true}]}}