{"id":252855,"date":"2022-11-14T12:37:42","date_gmt":"2022-11-14T12:37:42","guid":{"rendered":"https:\/\/mhr.com.pt\/product\/ray\/"},"modified":"2022-11-14T12:37:42","modified_gmt":"2022-11-14T12:37:42","slug":"ray","status":"publish","type":"product","link":"https:\/\/mhr.com.pt\/fr\/product\/ray\/","title":{"rendered":"Ray."},"content":{"rendered":"<p>Le meuble TV Ray incarne l\u2019esprit du rythme et de l\u2019\u00e9l\u00e9gance. Avec des d\u00e9tails verticaux qui rappellent les port\u00e9es d\u2019une partition musicale, il offre une pr\u00e9sence visuelle dynamique tout en conservant fonctionnalit\u00e9 et sophistication.<\/p>\n","protected":false},"excerpt":{"rendered":"<p>MEUBLE TV<\/p>\n","protected":false},"featured_media":252856,"template":"","meta":{"_et_pb_use_builder":"","_et_pb_old_content":"","_et_gb_content_width":""},"product_brand":[],"product_cat":[586,582],"product_tag":[],"class_list":{"0":"post-252855","1":"product","2":"type-product","3":"status-publish","4":"has-post-thumbnail","6":"product_cat-ray-ligne","7":"product_cat-salle-a-manger-et-accessoires","9":"first","10":"instock","11":"shipping-taxable","12":"product-type-simple"},"_links":{"self":[{"href":"https:\/\/mhr.com.pt\/fr\/wp-json\/wp\/v2\/product\/252855","targetHints":{"allow":["GET"]}}],"collection":[{"href":"https:\/\/mhr.com.pt\/fr\/wp-json\/wp\/v2\/product"}],"about":[{"href":"https:\/\/mhr.com.pt\/fr\/wp-json\/wp\/v2\/types\/product"}],"wp:featuredmedia":[{"embeddable":true,"href":"https:\/\/mhr.com.pt\/fr\/wp-json\/wp\/v2\/media\/252856"}],"wp:attachment":[{"href":"https:\/\/mhr.com.pt\/fr\/wp-json\/wp\/v2\/media?parent=252855"}],"wp:term":[{"taxonomy":"product_brand","embeddable":true,"href":"https:\/\/mhr.com.pt\/fr\/wp-json\/wp\/v2\/product_brand?post=252855"},{"taxonomy":"product_cat","embeddable":true,"href":"https:\/\/mhr.com.pt\/fr\/wp-json\/wp\/v2\/product_cat?post=252855"},{"taxonomy":"product_tag","embeddable":true,"href":"https:\/\/mhr.com.pt\/fr\/wp-json\/wp\/v2\/product_tag?post=252855"}],"curies":[{"name":"wp","href":"https:\/\/api.w.org\/{rel}","templated":true}]}}