{"id":252861,"date":"2022-11-14T12:35:45","date_gmt":"2022-11-14T12:35:45","guid":{"rendered":"https:\/\/mhr.com.pt\/product\/ray-2\/"},"modified":"2025-12-17T15:55:47","modified_gmt":"2025-12-17T15:55:47","slug":"ray-2","status":"publish","type":"product","link":"https:\/\/mhr.com.pt\/fr\/product\/ray-2\/","title":{"rendered":"Ray."},"content":{"rendered":"<p>Le buffet Ray apporte une musicalit\u00e9 \u00e0 votre espace. Les accents verticaux sur sa surface cr\u00e9ent une sensation de mouvement et d\u2019harmonie, tout en offrant un rangement g\u00e9n\u00e9reux avec un design raffin\u00e9 et plein de caract\u00e8re.<\/p>\n","protected":false},"excerpt":{"rendered":"<p>BAHUT<\/p>\n","protected":false},"featured_media":252862,"template":"","meta":{"_et_pb_use_builder":"","_et_pb_old_content":"","_et_gb_content_width":""},"product_brand":[],"product_cat":[586,582],"product_tag":[],"class_list":{"0":"post-252861","1":"product","2":"type-product","3":"status-publish","4":"has-post-thumbnail","6":"product_cat-ray-ligne","7":"product_cat-salle-a-manger-et-accessoires","9":"first","10":"instock","11":"shipping-taxable","12":"product-type-simple"},"_links":{"self":[{"href":"https:\/\/mhr.com.pt\/fr\/wp-json\/wp\/v2\/product\/252861","targetHints":{"allow":["GET"]}}],"collection":[{"href":"https:\/\/mhr.com.pt\/fr\/wp-json\/wp\/v2\/product"}],"about":[{"href":"https:\/\/mhr.com.pt\/fr\/wp-json\/wp\/v2\/types\/product"}],"wp:featuredmedia":[{"embeddable":true,"href":"https:\/\/mhr.com.pt\/fr\/wp-json\/wp\/v2\/media\/252862"}],"wp:attachment":[{"href":"https:\/\/mhr.com.pt\/fr\/wp-json\/wp\/v2\/media?parent=252861"}],"wp:term":[{"taxonomy":"product_brand","embeddable":true,"href":"https:\/\/mhr.com.pt\/fr\/wp-json\/wp\/v2\/product_brand?post=252861"},{"taxonomy":"product_cat","embeddable":true,"href":"https:\/\/mhr.com.pt\/fr\/wp-json\/wp\/v2\/product_cat?post=252861"},{"taxonomy":"product_tag","embeddable":true,"href":"https:\/\/mhr.com.pt\/fr\/wp-json\/wp\/v2\/product_tag?post=252861"}],"curies":[{"name":"wp","href":"https:\/\/api.w.org\/{rel}","templated":true}]}}