{"id":252867,"date":"2021-02-26T14:20:46","date_gmt":"2021-02-26T14:20:46","guid":{"rendered":"https:\/\/mhr.com.pt\/product\/ray-3\/"},"modified":"2021-02-26T14:20:46","modified_gmt":"2021-02-26T14:20:46","slug":"ray-3","status":"publish","type":"product","link":"https:\/\/mhr.com.pt\/fr\/product\/ray-3\/","title":{"rendered":"Ray."},"content":{"rendered":"<p>Le meuble bar Ray est une c\u00e9l\u00e9bration du rythme et du raffinement. Sa structure verticale \u00e9voque l\u2019image des notes musicales montant et descendant, cr\u00e9ant une pi\u00e8ce sculpturale \u00e0 la fois fonctionnelle et artistique.<\/p>\n","protected":false},"excerpt":{"rendered":"<p>MEUBLE BAR<\/p>\n","protected":false},"featured_media":252868,"template":"","meta":{"_et_pb_use_builder":"","_et_pb_old_content":"","_et_gb_content_width":""},"product_brand":[],"product_cat":[586,582],"product_tag":[],"class_list":{"0":"post-252867","1":"product","2":"type-product","3":"status-publish","4":"has-post-thumbnail","6":"product_cat-ray-ligne","7":"product_cat-salle-a-manger-et-accessoires","9":"first","10":"instock","11":"virtual","12":"product-type-simple"},"_links":{"self":[{"href":"https:\/\/mhr.com.pt\/fr\/wp-json\/wp\/v2\/product\/252867","targetHints":{"allow":["GET"]}}],"collection":[{"href":"https:\/\/mhr.com.pt\/fr\/wp-json\/wp\/v2\/product"}],"about":[{"href":"https:\/\/mhr.com.pt\/fr\/wp-json\/wp\/v2\/types\/product"}],"wp:featuredmedia":[{"embeddable":true,"href":"https:\/\/mhr.com.pt\/fr\/wp-json\/wp\/v2\/media\/252868"}],"wp:attachment":[{"href":"https:\/\/mhr.com.pt\/fr\/wp-json\/wp\/v2\/media?parent=252867"}],"wp:term":[{"taxonomy":"product_brand","embeddable":true,"href":"https:\/\/mhr.com.pt\/fr\/wp-json\/wp\/v2\/product_brand?post=252867"},{"taxonomy":"product_cat","embeddable":true,"href":"https:\/\/mhr.com.pt\/fr\/wp-json\/wp\/v2\/product_cat?post=252867"},{"taxonomy":"product_tag","embeddable":true,"href":"https:\/\/mhr.com.pt\/fr\/wp-json\/wp\/v2\/product_tag?post=252867"}],"curies":[{"name":"wp","href":"https:\/\/api.w.org\/{rel}","templated":true}]}}