{"id":252887,"date":"2022-11-14T12:33:00","date_gmt":"2022-11-14T12:33:00","guid":{"rendered":"https:\/\/mhr.com.pt\/product\/ray-4\/"},"modified":"2022-11-14T12:33:00","modified_gmt":"2022-11-14T12:33:00","slug":"ray-4","status":"publish","type":"product","link":"https:\/\/mhr.com.pt\/fr\/product\/ray-4\/","title":{"rendered":"Ray."},"content":{"rendered":"<p>Le miroir mural Ray compl\u00e8te la collection avec un design \u00e9pur\u00e9 et rythmique. Les subtils accents verticaux encadrent \u00e9l\u00e9gamment le reflet, ajoutant une sensation de mouvement et de musicalit\u00e9 \u00e0 n\u2019importe quelle pi\u00e8ce.<\/p>\n","protected":false},"excerpt":{"rendered":"<p>MIROIR MURAL<\/p>\n","protected":false},"featured_media":252888,"template":"","meta":{"_et_pb_use_builder":"","_et_pb_old_content":"","_et_gb_content_width":""},"product_brand":[],"product_cat":[585,586,582],"product_tag":[],"class_list":{"0":"post-252887","1":"product","2":"type-product","3":"status-publish","4":"has-post-thumbnail","6":"product_cat-miroirs-muraux","7":"product_cat-ray-ligne","8":"product_cat-salle-a-manger-et-accessoires","10":"first","11":"instock","12":"shipping-taxable","13":"product-type-simple"},"_links":{"self":[{"href":"https:\/\/mhr.com.pt\/fr\/wp-json\/wp\/v2\/product\/252887","targetHints":{"allow":["GET"]}}],"collection":[{"href":"https:\/\/mhr.com.pt\/fr\/wp-json\/wp\/v2\/product"}],"about":[{"href":"https:\/\/mhr.com.pt\/fr\/wp-json\/wp\/v2\/types\/product"}],"wp:featuredmedia":[{"embeddable":true,"href":"https:\/\/mhr.com.pt\/fr\/wp-json\/wp\/v2\/media\/252888"}],"wp:attachment":[{"href":"https:\/\/mhr.com.pt\/fr\/wp-json\/wp\/v2\/media?parent=252887"}],"wp:term":[{"taxonomy":"product_brand","embeddable":true,"href":"https:\/\/mhr.com.pt\/fr\/wp-json\/wp\/v2\/product_brand?post=252887"},{"taxonomy":"product_cat","embeddable":true,"href":"https:\/\/mhr.com.pt\/fr\/wp-json\/wp\/v2\/product_cat?post=252887"},{"taxonomy":"product_tag","embeddable":true,"href":"https:\/\/mhr.com.pt\/fr\/wp-json\/wp\/v2\/product_tag?post=252887"}],"curies":[{"name":"wp","href":"https:\/\/api.w.org\/{rel}","templated":true}]}}