{"id":252890,"date":"2022-11-14T12:31:55","date_gmt":"2022-11-14T12:31:55","guid":{"rendered":"https:\/\/mhr.com.pt\/product\/west\/"},"modified":"2022-11-14T12:31:55","modified_gmt":"2022-11-14T12:31:55","slug":"west","status":"publish","type":"product","link":"https:\/\/mhr.com.pt\/fr\/product\/west\/","title":{"rendered":"West."},"content":{"rendered":"<p>La table \u00e0 manger West incarne le design minimaliste avec un plateau ovale qui imite la forme \u00e9l\u00e9gante d\u2019une aile d\u2019avion.<\/p>\n<p>\u00c0 premi\u00e8re vue, la table semble minimaliste, mais elle cache une structure solide et robuste.<\/p>\n<p>La base refl\u00e8te la forme ovale de la table avec une d\u00e9coupe diagonale qui ajoute l\u00e9g\u00e8ret\u00e9, dynamisme et mouvement.<\/p>\n<p>L\u2019option de plateau en verre offre une vue claire de la base \u00e9l\u00e9gante de la table, mettant en valeur son esth\u00e9tique globale.<\/p>\n","protected":false},"excerpt":{"rendered":"<p>TABLES \u00c0 MANGER<\/p>\n","protected":false},"featured_media":252891,"template":"","meta":{"_et_pb_use_builder":"","_et_pb_old_content":"","_et_gb_content_width":""},"product_brand":[],"product_cat":[582,584],"product_tag":[],"class_list":{"0":"post-252890","1":"product","2":"type-product","3":"status-publish","4":"has-post-thumbnail","6":"product_cat-salle-a-manger-et-accessoires","7":"product_cat-tables-a-manger","9":"first","10":"instock","11":"shipping-taxable","12":"product-type-simple"},"_links":{"self":[{"href":"https:\/\/mhr.com.pt\/fr\/wp-json\/wp\/v2\/product\/252890","targetHints":{"allow":["GET"]}}],"collection":[{"href":"https:\/\/mhr.com.pt\/fr\/wp-json\/wp\/v2\/product"}],"about":[{"href":"https:\/\/mhr.com.pt\/fr\/wp-json\/wp\/v2\/types\/product"}],"wp:featuredmedia":[{"embeddable":true,"href":"https:\/\/mhr.com.pt\/fr\/wp-json\/wp\/v2\/media\/252891"}],"wp:attachment":[{"href":"https:\/\/mhr.com.pt\/fr\/wp-json\/wp\/v2\/media?parent=252890"}],"wp:term":[{"taxonomy":"product_brand","embeddable":true,"href":"https:\/\/mhr.com.pt\/fr\/wp-json\/wp\/v2\/product_brand?post=252890"},{"taxonomy":"product_cat","embeddable":true,"href":"https:\/\/mhr.com.pt\/fr\/wp-json\/wp\/v2\/product_cat?post=252890"},{"taxonomy":"product_tag","embeddable":true,"href":"https:\/\/mhr.com.pt\/fr\/wp-json\/wp\/v2\/product_tag?post=252890"}],"curies":[{"name":"wp","href":"https:\/\/api.w.org\/{rel}","templated":true}]}}