{"id":252894,"date":"2025-03-24T16:26:30","date_gmt":"2025-03-24T16:26:30","guid":{"rendered":"https:\/\/mhr.com.pt\/product\/jade-2\/"},"modified":"2025-03-24T16:26:30","modified_gmt":"2025-03-24T16:26:30","slug":"jade-2","status":"publish","type":"product","link":"https:\/\/mhr.com.pt\/fr\/product\/jade-2\/","title":{"rendered":"Jade."},"content":{"rendered":"<p>La table \u00e0 manger Jade est une pi\u00e8ce solide avec un plateau visuellement robuste qui cr\u00e9e une illusion de d\u00e9s\u00e9quilibre gr\u00e2ce \u00e0 l\u2019utilisation d\u2019une jambe en m\u00e9tal et d\u2019une jambe en acrylique, lui conf\u00e9rant un effet suspendu.<\/p>\n<p>Cette table est une pi\u00e8ce remarquable dans n\u2019importe quelle pi\u00e8ce, avec des lignes simples et droites qui donnent un design complexe et visuellement intrigant.<\/p>\n","protected":false},"excerpt":{"rendered":"<p>TABLE \u00c0 MANGER<\/p>\n","protected":false},"featured_media":252895,"template":"","meta":{"_et_pb_use_builder":"","_et_pb_old_content":"","_et_gb_content_width":""},"product_brand":[],"product_cat":[582,584],"product_tag":[],"class_list":{"0":"post-252894","1":"product","2":"type-product","3":"status-publish","4":"has-post-thumbnail","6":"product_cat-salle-a-manger-et-accessoires","7":"product_cat-tables-a-manger","9":"first","10":"instock","11":"shipping-taxable","12":"product-type-simple"},"_links":{"self":[{"href":"https:\/\/mhr.com.pt\/fr\/wp-json\/wp\/v2\/product\/252894","targetHints":{"allow":["GET"]}}],"collection":[{"href":"https:\/\/mhr.com.pt\/fr\/wp-json\/wp\/v2\/product"}],"about":[{"href":"https:\/\/mhr.com.pt\/fr\/wp-json\/wp\/v2\/types\/product"}],"wp:featuredmedia":[{"embeddable":true,"href":"https:\/\/mhr.com.pt\/fr\/wp-json\/wp\/v2\/media\/252895"}],"wp:attachment":[{"href":"https:\/\/mhr.com.pt\/fr\/wp-json\/wp\/v2\/media?parent=252894"}],"wp:term":[{"taxonomy":"product_brand","embeddable":true,"href":"https:\/\/mhr.com.pt\/fr\/wp-json\/wp\/v2\/product_brand?post=252894"},{"taxonomy":"product_cat","embeddable":true,"href":"https:\/\/mhr.com.pt\/fr\/wp-json\/wp\/v2\/product_cat?post=252894"},{"taxonomy":"product_tag","embeddable":true,"href":"https:\/\/mhr.com.pt\/fr\/wp-json\/wp\/v2\/product_tag?post=252894"}],"curies":[{"name":"wp","href":"https:\/\/api.w.org\/{rel}","templated":true}]}}