{"id":252904,"date":"2025-03-24T16:24:29","date_gmt":"2025-03-24T16:24:29","guid":{"rendered":"https:\/\/mhr.com.pt\/product\/aiko\/"},"modified":"2025-03-24T16:24:29","modified_gmt":"2025-03-24T16:24:29","slug":"aiko","status":"publish","type":"product","link":"https:\/\/mhr.com.pt\/fr\/product\/aiko\/","title":{"rendered":"Aiko."},"content":{"rendered":"<p>La table \u00e0 manger Aiko a \u00e9t\u00e9 con\u00e7ue pour s\u2019adapter aux diff\u00e9rents moments de la vie.<\/p>\n<p>Elle dispose d\u2019un m\u00e9canisme extensible, permettant d\u2019ajuster la taille de la table pour accueillir la famille et les amis lors des r\u00e9unions.<\/p>\n<p>Lorsqu\u2019elle n\u2019est pas utilis\u00e9e, la table peut \u00eatre r\u00e9duite \u00e0 une taille plus compacte, la rendant polyvalente pour les grands espaces comme pour les environnements plus intimes.<\/p>\n","protected":false},"excerpt":{"rendered":"<p>TABLE \u00c0 MANGER<\/p>\n","protected":false},"featured_media":252905,"template":"","meta":{"_et_pb_use_builder":"","_et_pb_old_content":"","_et_gb_content_width":""},"product_brand":[],"product_cat":[582,584],"product_tag":[],"class_list":{"0":"post-252904","1":"product","2":"type-product","3":"status-publish","4":"has-post-thumbnail","6":"product_cat-salle-a-manger-et-accessoires","7":"product_cat-tables-a-manger","9":"first","10":"instock","11":"shipping-taxable","12":"product-type-simple"},"_links":{"self":[{"href":"https:\/\/mhr.com.pt\/fr\/wp-json\/wp\/v2\/product\/252904","targetHints":{"allow":["GET"]}}],"collection":[{"href":"https:\/\/mhr.com.pt\/fr\/wp-json\/wp\/v2\/product"}],"about":[{"href":"https:\/\/mhr.com.pt\/fr\/wp-json\/wp\/v2\/types\/product"}],"wp:featuredmedia":[{"embeddable":true,"href":"https:\/\/mhr.com.pt\/fr\/wp-json\/wp\/v2\/media\/252905"}],"wp:attachment":[{"href":"https:\/\/mhr.com.pt\/fr\/wp-json\/wp\/v2\/media?parent=252904"}],"wp:term":[{"taxonomy":"product_brand","embeddable":true,"href":"https:\/\/mhr.com.pt\/fr\/wp-json\/wp\/v2\/product_brand?post=252904"},{"taxonomy":"product_cat","embeddable":true,"href":"https:\/\/mhr.com.pt\/fr\/wp-json\/wp\/v2\/product_cat?post=252904"},{"taxonomy":"product_tag","embeddable":true,"href":"https:\/\/mhr.com.pt\/fr\/wp-json\/wp\/v2\/product_tag?post=252904"}],"curies":[{"name":"wp","href":"https:\/\/api.w.org\/{rel}","templated":true}]}}