{"id":252908,"date":"2022-11-14T12:29:57","date_gmt":"2022-11-14T12:29:57","guid":{"rendered":"https:\/\/mhr.com.pt\/product\/oz\/"},"modified":"2022-11-14T12:29:57","modified_gmt":"2022-11-14T12:29:57","slug":"oz","status":"publish","type":"product","link":"https:\/\/mhr.com.pt\/fr\/product\/oz\/","title":{"rendered":"Oz."},"content":{"rendered":"<p>La chaise Oz est une chaise tapiss\u00e9e avec des pieds hauts et fins, rehauss\u00e9s de d\u00e9tails m\u00e9talliques qui subliment son design.<\/p>\n<p>Cette chaise s\u2019adapte facilement \u00e0 tout espace, offrant \u00e0 la fois confort et style gr\u00e2ce \u00e0 son profil \u00e9l\u00e9gant et sa finition sophistiqu\u00e9e.<\/p>\n","protected":false},"excerpt":{"rendered":"<p>CHAISES<\/p>\n","protected":false},"featured_media":252909,"template":"","meta":{"_et_pb_use_builder":"","_et_pb_old_content":"","_et_gb_content_width":""},"product_brand":[],"product_cat":[587,582],"product_tag":[],"class_list":{"0":"post-252908","1":"product","2":"type-product","3":"status-publish","4":"has-post-thumbnail","6":"product_cat-chaises-chaises-avec-accoudoirs","7":"product_cat-salle-a-manger-et-accessoires","9":"first","10":"instock","11":"shipping-taxable","12":"product-type-simple"},"_links":{"self":[{"href":"https:\/\/mhr.com.pt\/fr\/wp-json\/wp\/v2\/product\/252908","targetHints":{"allow":["GET"]}}],"collection":[{"href":"https:\/\/mhr.com.pt\/fr\/wp-json\/wp\/v2\/product"}],"about":[{"href":"https:\/\/mhr.com.pt\/fr\/wp-json\/wp\/v2\/types\/product"}],"wp:featuredmedia":[{"embeddable":true,"href":"https:\/\/mhr.com.pt\/fr\/wp-json\/wp\/v2\/media\/252909"}],"wp:attachment":[{"href":"https:\/\/mhr.com.pt\/fr\/wp-json\/wp\/v2\/media?parent=252908"}],"wp:term":[{"taxonomy":"product_brand","embeddable":true,"href":"https:\/\/mhr.com.pt\/fr\/wp-json\/wp\/v2\/product_brand?post=252908"},{"taxonomy":"product_cat","embeddable":true,"href":"https:\/\/mhr.com.pt\/fr\/wp-json\/wp\/v2\/product_cat?post=252908"},{"taxonomy":"product_tag","embeddable":true,"href":"https:\/\/mhr.com.pt\/fr\/wp-json\/wp\/v2\/product_tag?post=252908"}],"curies":[{"name":"wp","href":"https:\/\/api.w.org\/{rel}","templated":true}]}}