{"id":252915,"date":"2025-03-24T16:56:22","date_gmt":"2025-03-24T16:56:22","guid":{"rendered":"https:\/\/mhr.com.pt\/product\/ono\/"},"modified":"2025-03-24T16:56:22","modified_gmt":"2025-03-24T16:56:22","slug":"ono","status":"publish","type":"product","link":"https:\/\/mhr.com.pt\/fr\/product\/ono\/","title":{"rendered":"Ono."},"content":{"rendered":"<p>Le fauteuil avec accoudoirs Ono est le compl\u00e9ment parfait d&rsquo;une table de salle \u00e0 manger ronde, mettant en valeur et refl\u00e9tant la forme de la table.<\/p>\n<p>Son design compact et sa forme arrondie en font un choix id\u00e9al pour cr\u00e9er un ensemble de salle \u00e0 manger harmonieux et bien \u00e9quilibr\u00e9.<\/p>\n","protected":false},"excerpt":{"rendered":"<p>CHAISES AVEC ACCOUDOIRS<\/p>\n","protected":false},"featured_media":252916,"template":"","meta":{"_et_pb_use_builder":"","_et_pb_old_content":"","_et_gb_content_width":""},"product_brand":[],"product_cat":[587,582],"product_tag":[],"class_list":{"0":"post-252915","1":"product","2":"type-product","3":"status-publish","4":"has-post-thumbnail","6":"product_cat-chaises-chaises-avec-accoudoirs","7":"product_cat-salle-a-manger-et-accessoires","9":"first","10":"instock","11":"shipping-taxable","12":"product-type-simple"},"_links":{"self":[{"href":"https:\/\/mhr.com.pt\/fr\/wp-json\/wp\/v2\/product\/252915","targetHints":{"allow":["GET"]}}],"collection":[{"href":"https:\/\/mhr.com.pt\/fr\/wp-json\/wp\/v2\/product"}],"about":[{"href":"https:\/\/mhr.com.pt\/fr\/wp-json\/wp\/v2\/types\/product"}],"wp:featuredmedia":[{"embeddable":true,"href":"https:\/\/mhr.com.pt\/fr\/wp-json\/wp\/v2\/media\/252916"}],"wp:attachment":[{"href":"https:\/\/mhr.com.pt\/fr\/wp-json\/wp\/v2\/media?parent=252915"}],"wp:term":[{"taxonomy":"product_brand","embeddable":true,"href":"https:\/\/mhr.com.pt\/fr\/wp-json\/wp\/v2\/product_brand?post=252915"},{"taxonomy":"product_cat","embeddable":true,"href":"https:\/\/mhr.com.pt\/fr\/wp-json\/wp\/v2\/product_cat?post=252915"},{"taxonomy":"product_tag","embeddable":true,"href":"https:\/\/mhr.com.pt\/fr\/wp-json\/wp\/v2\/product_tag?post=252915"}],"curies":[{"name":"wp","href":"https:\/\/api.w.org\/{rel}","templated":true}]}}