{"id":252917,"date":"2025-03-24T16:54:05","date_gmt":"2025-03-24T16:54:05","guid":{"rendered":"https:\/\/mhr.com.pt\/product\/sadie\/"},"modified":"2025-03-24T16:54:05","modified_gmt":"2025-03-24T16:54:05","slug":"sadie","status":"publish","type":"product","link":"https:\/\/mhr.com.pt\/fr\/product\/sadie\/","title":{"rendered":"Sadie."},"content":{"rendered":"<p>La chaise Sadie, disponible en versions avec ou sans accoudoirs, est une assise robuste avec un rev\u00eatement expressif offrant un confort maximal.<\/p>\n<p>Ses pieds en m\u00e9tal contrastent avec l\u2019assise et le dossier ronds et rembourr\u00e9s, cr\u00e9ant un design \u00e9quilibr\u00e9 qui allie douceur et solidit\u00e9.<\/p>\n","protected":false},"excerpt":{"rendered":"<p>CHAISES &amp; CHAISES AVEC ACCOUDOIRS<\/p>\n","protected":false},"featured_media":252914,"template":"","meta":{"_et_pb_use_builder":"","_et_pb_old_content":"","_et_gb_content_width":""},"product_brand":[],"product_cat":[587,582],"product_tag":[],"class_list":{"0":"post-252917","1":"product","2":"type-product","3":"status-publish","4":"has-post-thumbnail","6":"product_cat-chaises-chaises-avec-accoudoirs","7":"product_cat-salle-a-manger-et-accessoires","9":"first","10":"instock","11":"shipping-taxable","12":"product-type-simple"},"_links":{"self":[{"href":"https:\/\/mhr.com.pt\/fr\/wp-json\/wp\/v2\/product\/252917","targetHints":{"allow":["GET"]}}],"collection":[{"href":"https:\/\/mhr.com.pt\/fr\/wp-json\/wp\/v2\/product"}],"about":[{"href":"https:\/\/mhr.com.pt\/fr\/wp-json\/wp\/v2\/types\/product"}],"wp:featuredmedia":[{"embeddable":true,"href":"https:\/\/mhr.com.pt\/fr\/wp-json\/wp\/v2\/media\/252914"}],"wp:attachment":[{"href":"https:\/\/mhr.com.pt\/fr\/wp-json\/wp\/v2\/media?parent=252917"}],"wp:term":[{"taxonomy":"product_brand","embeddable":true,"href":"https:\/\/mhr.com.pt\/fr\/wp-json\/wp\/v2\/product_brand?post=252917"},{"taxonomy":"product_cat","embeddable":true,"href":"https:\/\/mhr.com.pt\/fr\/wp-json\/wp\/v2\/product_cat?post=252917"},{"taxonomy":"product_tag","embeddable":true,"href":"https:\/\/mhr.com.pt\/fr\/wp-json\/wp\/v2\/product_tag?post=252917"}],"curies":[{"name":"wp","href":"https:\/\/api.w.org\/{rel}","templated":true}]}}