{"id":252918,"date":"2022-11-14T12:28:28","date_gmt":"2022-11-14T12:28:28","guid":{"rendered":"https:\/\/mhr.com.pt\/product\/lewis\/"},"modified":"2022-11-14T12:28:28","modified_gmt":"2022-11-14T12:28:28","slug":"lewis","status":"publish","type":"product","link":"https:\/\/mhr.com.pt\/fr\/product\/lewis\/","title":{"rendered":"Lewis."},"content":{"rendered":"<p>Le tabouret de bar Lewis pr\u00e9sente une structure m\u00e9tallique solide et robuste, adoucie par le toucher d\u00e9licat de trois tubes fins reliant l\u2019ensemble du cadre.<\/p>\n<p>Les accoudoirs offrent un confort suppl\u00e9mentaire et une sensation de s\u00e9curit\u00e9, tandis que le rev\u00eatement l\u00e9ger conf\u00e8re au tabouret une apparence d\u00e9licate et raffin\u00e9e.<\/p>\n","protected":false},"excerpt":{"rendered":"<p>TABOURETS DE BAR<\/p>\n","protected":false},"featured_media":252919,"template":"","meta":{"_et_pb_use_builder":"","_et_pb_old_content":"","_et_gb_content_width":""},"product_brand":[],"product_cat":[587,582],"product_tag":[],"class_list":{"0":"post-252918","1":"product","2":"type-product","3":"status-publish","4":"has-post-thumbnail","6":"product_cat-chaises-chaises-avec-accoudoirs","7":"product_cat-salle-a-manger-et-accessoires","9":"first","10":"instock","11":"shipping-taxable","12":"product-type-simple"},"_links":{"self":[{"href":"https:\/\/mhr.com.pt\/fr\/wp-json\/wp\/v2\/product\/252918","targetHints":{"allow":["GET"]}}],"collection":[{"href":"https:\/\/mhr.com.pt\/fr\/wp-json\/wp\/v2\/product"}],"about":[{"href":"https:\/\/mhr.com.pt\/fr\/wp-json\/wp\/v2\/types\/product"}],"wp:featuredmedia":[{"embeddable":true,"href":"https:\/\/mhr.com.pt\/fr\/wp-json\/wp\/v2\/media\/252919"}],"wp:attachment":[{"href":"https:\/\/mhr.com.pt\/fr\/wp-json\/wp\/v2\/media?parent=252918"}],"wp:term":[{"taxonomy":"product_brand","embeddable":true,"href":"https:\/\/mhr.com.pt\/fr\/wp-json\/wp\/v2\/product_brand?post=252918"},{"taxonomy":"product_cat","embeddable":true,"href":"https:\/\/mhr.com.pt\/fr\/wp-json\/wp\/v2\/product_cat?post=252918"},{"taxonomy":"product_tag","embeddable":true,"href":"https:\/\/mhr.com.pt\/fr\/wp-json\/wp\/v2\/product_tag?post=252918"}],"curies":[{"name":"wp","href":"https:\/\/api.w.org\/{rel}","templated":true}]}}