{"id":252921,"date":"2022-11-14T12:27:02","date_gmt":"2022-11-14T12:27:02","guid":{"rendered":"https:\/\/mhr.com.pt\/product\/newton\/"},"modified":"2022-11-14T12:27:02","modified_gmt":"2022-11-14T12:27:02","slug":"newton","status":"publish","type":"product","link":"https:\/\/mhr.com.pt\/fr\/product\/newton\/","title":{"rendered":"Newton."},"content":{"rendered":"<p>Le tabouret de bar Newton est une pi\u00e8ce minimaliste avec un dossier rembourr\u00e9 pour un confort suppl\u00e9mentaire.<\/p>\n<p>Ses lignes droites forment une structure solide mais d\u00e9licate, ce qui en fait un ajout parfait \u00e0 tout espace moderne de bar ou de cuisine.<\/p>\n","protected":false},"excerpt":{"rendered":"<p>TABOURETS DE BAR<\/p>\n","protected":false},"featured_media":252922,"template":"","meta":{"_et_pb_use_builder":"","_et_pb_old_content":"","_et_gb_content_width":""},"product_brand":[],"product_cat":[587,582],"product_tag":[],"class_list":{"0":"post-252921","1":"product","2":"type-product","3":"status-publish","4":"has-post-thumbnail","6":"product_cat-chaises-chaises-avec-accoudoirs","7":"product_cat-salle-a-manger-et-accessoires","9":"first","10":"instock","11":"shipping-taxable","12":"product-type-simple"},"_links":{"self":[{"href":"https:\/\/mhr.com.pt\/fr\/wp-json\/wp\/v2\/product\/252921","targetHints":{"allow":["GET"]}}],"collection":[{"href":"https:\/\/mhr.com.pt\/fr\/wp-json\/wp\/v2\/product"}],"about":[{"href":"https:\/\/mhr.com.pt\/fr\/wp-json\/wp\/v2\/types\/product"}],"wp:featuredmedia":[{"embeddable":true,"href":"https:\/\/mhr.com.pt\/fr\/wp-json\/wp\/v2\/media\/252922"}],"wp:attachment":[{"href":"https:\/\/mhr.com.pt\/fr\/wp-json\/wp\/v2\/media?parent=252921"}],"wp:term":[{"taxonomy":"product_brand","embeddable":true,"href":"https:\/\/mhr.com.pt\/fr\/wp-json\/wp\/v2\/product_brand?post=252921"},{"taxonomy":"product_cat","embeddable":true,"href":"https:\/\/mhr.com.pt\/fr\/wp-json\/wp\/v2\/product_cat?post=252921"},{"taxonomy":"product_tag","embeddable":true,"href":"https:\/\/mhr.com.pt\/fr\/wp-json\/wp\/v2\/product_tag?post=252921"}],"curies":[{"name":"wp","href":"https:\/\/api.w.org\/{rel}","templated":true}]}}