{"id":252958,"date":"2022-06-14T16:09:26","date_gmt":"2022-06-14T16:09:26","guid":{"rendered":"https:\/\/mhr.com.pt\/product\/aston\/"},"modified":"2026-01-05T15:34:38","modified_gmt":"2026-01-05T15:34:38","slug":"aston","status":"publish","type":"product","link":"https:\/\/mhr.com.pt\/fr\/product\/aston\/","title":{"rendered":"Aston."},"content":{"rendered":"<p>Le syst\u00e8me de canap\u00e9 modulaire Aston a \u00e9t\u00e9 con\u00e7u avec une attention particuli\u00e8re port\u00e9e au confort absolu, int\u00e9grant un dossier inclinable avec soutien lombaire ainsi que l\u2019option d\u2019une assise coulissante. Les pieds dissimul\u00e9s cr\u00e9ent un effet suspendu, renfor\u00e7ant l\u2019esth\u00e9tique moderne et \u00e9pur\u00e9e du canap\u00e9.<\/p>\n<p>La modularit\u00e9 d\u2019Aston permet de l\u2019adapter parfaitement \u00e0 tout espace, en offrant \u00e0 la fois luxe et flexibilit\u00e9 dans un design \u00e9l\u00e9gant et harmonieux.<\/p>\n","protected":false},"excerpt":{"rendered":"<p>SYST\u00c8ME DE CANAP\u00c9 MODULAIRE<\/p>\n","protected":false},"featured_media":252961,"template":"","meta":{"_et_pb_use_builder":"","_et_pb_old_content":"","_et_gb_content_width":""},"product_brand":[],"product_cat":[589,590],"product_tag":[],"class_list":{"0":"post-252958","1":"product","2":"type-product","3":"status-publish","4":"has-post-thumbnail","6":"product_cat-ambiances-canape","7":"product_cat-canapes","9":"first","10":"instock","11":"virtual","12":"product-type-simple"},"_links":{"self":[{"href":"https:\/\/mhr.com.pt\/fr\/wp-json\/wp\/v2\/product\/252958","targetHints":{"allow":["GET"]}}],"collection":[{"href":"https:\/\/mhr.com.pt\/fr\/wp-json\/wp\/v2\/product"}],"about":[{"href":"https:\/\/mhr.com.pt\/fr\/wp-json\/wp\/v2\/types\/product"}],"wp:featuredmedia":[{"embeddable":true,"href":"https:\/\/mhr.com.pt\/fr\/wp-json\/wp\/v2\/media\/252961"}],"wp:attachment":[{"href":"https:\/\/mhr.com.pt\/fr\/wp-json\/wp\/v2\/media?parent=252958"}],"wp:term":[{"taxonomy":"product_brand","embeddable":true,"href":"https:\/\/mhr.com.pt\/fr\/wp-json\/wp\/v2\/product_brand?post=252958"},{"taxonomy":"product_cat","embeddable":true,"href":"https:\/\/mhr.com.pt\/fr\/wp-json\/wp\/v2\/product_cat?post=252958"},{"taxonomy":"product_tag","embeddable":true,"href":"https:\/\/mhr.com.pt\/fr\/wp-json\/wp\/v2\/product_tag?post=252958"}],"curies":[{"name":"wp","href":"https:\/\/api.w.org\/{rel}","templated":true}]}}