{"id":252979,"date":"2022-06-14T16:12:55","date_gmt":"2022-06-14T16:12:55","guid":{"rendered":"https:\/\/mhr.com.pt\/product\/cole\/"},"modified":"2026-01-05T16:30:13","modified_gmt":"2026-01-05T16:30:13","slug":"cole","status":"publish","type":"product","link":"https:\/\/mhr.com.pt\/fr\/product\/cole\/","title":{"rendered":"Cole."},"content":{"rendered":"<p>Le syst\u00e8me de canap\u00e9 modulaire Cole se distingue par une base et des pieds tr\u00e8s marqu\u00e9s, exprimant une structure solide, en contraste avec le corps doux et g\u00e9n\u00e9reux du canap\u00e9. Les capitonnages du dossier et des accoudoirs renforcent son aspect arrondi, en faisant une pi\u00e8ce centrale id\u00e9ale pour tout espace.<\/p>\n<p>Les coussins de dossier libres permettent un confort personnalisable, tandis que la conception modulaire garantit une int\u00e9gration parfaite dans n\u2019importe quel environnement, alliant un design robuste \u00e0 un confort accueillant.<\/p>\n","protected":false},"excerpt":{"rendered":"<p>SYST\u00c8ME DE CANAP\u00c9 MODULAIRE<\/p>\n","protected":false},"featured_media":252986,"template":"","meta":{"_et_pb_use_builder":"","_et_pb_old_content":"","_et_gb_content_width":""},"product_brand":[],"product_cat":[589,590],"product_tag":[],"class_list":{"0":"post-252979","1":"product","2":"type-product","3":"status-publish","4":"has-post-thumbnail","6":"product_cat-ambiances-canape","7":"product_cat-canapes","9":"first","10":"instock","11":"virtual","12":"product-type-simple"},"_links":{"self":[{"href":"https:\/\/mhr.com.pt\/fr\/wp-json\/wp\/v2\/product\/252979","targetHints":{"allow":["GET"]}}],"collection":[{"href":"https:\/\/mhr.com.pt\/fr\/wp-json\/wp\/v2\/product"}],"about":[{"href":"https:\/\/mhr.com.pt\/fr\/wp-json\/wp\/v2\/types\/product"}],"wp:featuredmedia":[{"embeddable":true,"href":"https:\/\/mhr.com.pt\/fr\/wp-json\/wp\/v2\/media\/252986"}],"wp:attachment":[{"href":"https:\/\/mhr.com.pt\/fr\/wp-json\/wp\/v2\/media?parent=252979"}],"wp:term":[{"taxonomy":"product_brand","embeddable":true,"href":"https:\/\/mhr.com.pt\/fr\/wp-json\/wp\/v2\/product_brand?post=252979"},{"taxonomy":"product_cat","embeddable":true,"href":"https:\/\/mhr.com.pt\/fr\/wp-json\/wp\/v2\/product_cat?post=252979"},{"taxonomy":"product_tag","embeddable":true,"href":"https:\/\/mhr.com.pt\/fr\/wp-json\/wp\/v2\/product_tag?post=252979"}],"curies":[{"name":"wp","href":"https:\/\/api.w.org\/{rel}","templated":true}]}}