{"id":252990,"date":"2022-06-14T16:14:21","date_gmt":"2022-06-14T16:14:21","guid":{"rendered":"https:\/\/mhr.com.pt\/product\/dylan\/"},"modified":"2026-01-05T16:42:29","modified_gmt":"2026-01-05T16:42:29","slug":"dylan","status":"publish","type":"product","link":"https:\/\/mhr.com.pt\/fr\/product\/dylan\/","title":{"rendered":"Dylan."},"content":{"rendered":"<p>Le syst\u00e8me de canap\u00e9 modulaire Dylan allie design moderne et confort exceptionnel. Son accoudoir bas, mais large, est une caract\u00e9ristique marquante, compl\u00e9t\u00e9 par une base rectangulaire distinctive qui suit uniquement le bras du canap\u00e9. Le dossier est soigneusement inclin\u00e9 pour am\u00e9liorer le confort, en faisant un endroit parfait pour la d\u00e9tente.<\/p>\n<p>Dylan offre \u00e9galement une grande polyvalence pratique avec un module chaise longue incluant une table d\u2019appoint int\u00e9gr\u00e9e, ainsi qu\u2019un module de table d\u2019appoint suppl\u00e9mentaire. Sa modularit\u00e9 garantit un ajustement parfait dans n\u2019importe quel espace, alliant style et fonctionnalit\u00e9 avec \u00e9quit\u00e9.<\/p>\n","protected":false},"excerpt":{"rendered":"<p>SYST\u00c8ME DE CANAP\u00c9 MODULAIRE<\/p>\n","protected":false},"featured_media":252996,"template":"","meta":{"_et_pb_use_builder":"","_et_pb_old_content":"","_et_gb_content_width":""},"product_brand":[],"product_cat":[589,590],"product_tag":[],"class_list":{"0":"post-252990","1":"product","2":"type-product","3":"status-publish","4":"has-post-thumbnail","6":"product_cat-ambiances-canape","7":"product_cat-canapes","9":"first","10":"instock","11":"virtual","12":"product-type-simple"},"_links":{"self":[{"href":"https:\/\/mhr.com.pt\/fr\/wp-json\/wp\/v2\/product\/252990","targetHints":{"allow":["GET"]}}],"collection":[{"href":"https:\/\/mhr.com.pt\/fr\/wp-json\/wp\/v2\/product"}],"about":[{"href":"https:\/\/mhr.com.pt\/fr\/wp-json\/wp\/v2\/types\/product"}],"wp:featuredmedia":[{"embeddable":true,"href":"https:\/\/mhr.com.pt\/fr\/wp-json\/wp\/v2\/media\/252996"}],"wp:attachment":[{"href":"https:\/\/mhr.com.pt\/fr\/wp-json\/wp\/v2\/media?parent=252990"}],"wp:term":[{"taxonomy":"product_brand","embeddable":true,"href":"https:\/\/mhr.com.pt\/fr\/wp-json\/wp\/v2\/product_brand?post=252990"},{"taxonomy":"product_cat","embeddable":true,"href":"https:\/\/mhr.com.pt\/fr\/wp-json\/wp\/v2\/product_cat?post=252990"},{"taxonomy":"product_tag","embeddable":true,"href":"https:\/\/mhr.com.pt\/fr\/wp-json\/wp\/v2\/product_tag?post=252990"}],"curies":[{"name":"wp","href":"https:\/\/api.w.org\/{rel}","templated":true}]}}