{"id":253024,"date":"2021-02-24T18:09:15","date_gmt":"2021-02-24T18:09:15","guid":{"rendered":"https:\/\/mhr.com.pt\/product\/bastille\/"},"modified":"2026-01-05T15:37:22","modified_gmt":"2026-01-05T15:37:22","slug":"bastille","status":"publish","type":"product","link":"https:\/\/mhr.com.pt\/fr\/product\/bastille\/","title":{"rendered":"Bastille."},"content":{"rendered":"<p>Le syst\u00e8me de canap\u00e9 modulaire Bastille combine des \u00e9l\u00e9ments classiques et modernes, en mettant l\u2019accent sur le confort. Son design pr\u00e9sente un dossier simple associ\u00e9 \u00e0 des assises coulissantes, offrant une exp\u00e9rience d\u2019assise accueillante et adaptable. Les lignes \u00e9pur\u00e9es du canap\u00e9 sont compl\u00e9t\u00e9es par un accoudoir plus travaill\u00e9, atteignant l\u2019\u00e9quilibre parfait entre \u00e9l\u00e9gance et fonctionnalit\u00e9.<\/p>\n<p>La modularit\u00e9 de Bastille permet de l\u2019int\u00e9grer parfaitement dans tout espace de vie, offrant un m\u00e9lange de style intemporel et de confort moderne.<\/p>\n","protected":false},"excerpt":{"rendered":"<p>SYST\u00c8ME DE CANAP\u00c9 MODULAIRE<\/p>\n","protected":false},"featured_media":253026,"template":"","meta":{"_et_pb_use_builder":"","_et_pb_old_content":"","_et_gb_content_width":""},"product_brand":[],"product_cat":[589,590],"product_tag":[],"class_list":{"0":"post-253024","1":"product","2":"type-product","3":"status-publish","4":"has-post-thumbnail","6":"product_cat-ambiances-canape","7":"product_cat-canapes","9":"first","10":"instock","11":"virtual","12":"product-type-simple"},"_links":{"self":[{"href":"https:\/\/mhr.com.pt\/fr\/wp-json\/wp\/v2\/product\/253024","targetHints":{"allow":["GET"]}}],"collection":[{"href":"https:\/\/mhr.com.pt\/fr\/wp-json\/wp\/v2\/product"}],"about":[{"href":"https:\/\/mhr.com.pt\/fr\/wp-json\/wp\/v2\/types\/product"}],"wp:featuredmedia":[{"embeddable":true,"href":"https:\/\/mhr.com.pt\/fr\/wp-json\/wp\/v2\/media\/253026"}],"wp:attachment":[{"href":"https:\/\/mhr.com.pt\/fr\/wp-json\/wp\/v2\/media?parent=253024"}],"wp:term":[{"taxonomy":"product_brand","embeddable":true,"href":"https:\/\/mhr.com.pt\/fr\/wp-json\/wp\/v2\/product_brand?post=253024"},{"taxonomy":"product_cat","embeddable":true,"href":"https:\/\/mhr.com.pt\/fr\/wp-json\/wp\/v2\/product_cat?post=253024"},{"taxonomy":"product_tag","embeddable":true,"href":"https:\/\/mhr.com.pt\/fr\/wp-json\/wp\/v2\/product_tag?post=253024"}],"curies":[{"name":"wp","href":"https:\/\/api.w.org\/{rel}","templated":true}]}}