{"id":253036,"date":"2021-02-24T18:07:06","date_gmt":"2021-02-24T18:07:06","guid":{"rendered":"https:\/\/mhr.com.pt\/product\/chic\/"},"modified":"2026-01-05T16:24:03","modified_gmt":"2026-01-05T16:24:03","slug":"chic","status":"publish","type":"product","link":"https:\/\/mhr.com.pt\/fr\/product\/chic\/","title":{"rendered":"Chic."},"content":{"rendered":"<p>Le canap\u00e9 Chic incarne l\u2019essence du design classique, int\u00e9grant des \u00e9l\u00e9ments traditionnels dans un contexte moderne. Avec ses lignes droites, ses d\u00e9tails de passepoil et ses finitions capitonn\u00e9es, Chic s\u2019adapte parfaitement \u00e0 des espaces allant du contemporain au classique. L\u2019attrait intemporel de ce canap\u00e9 en fait un ajout polyvalent \u00e0 toute pi\u00e8ce.<\/p>\n<p>Le design de Chic comble \u00e9l\u00e9gamment le foss\u00e9 entre ancien et moderne, en faisant un choix styl\u00e9 pour ceux qui appr\u00e9cient \u00e0 la fois l\u2019esth\u00e9tique moderne et traditionnelle.<\/p>\n","protected":false},"excerpt":{"rendered":"<p>CANAP\u00c9<\/p>\n","protected":false},"featured_media":253040,"template":"","meta":{"_et_pb_use_builder":"","_et_pb_old_content":"","_et_gb_content_width":""},"product_brand":[],"product_cat":[589,590],"product_tag":[],"class_list":{"0":"post-253036","1":"product","2":"type-product","3":"status-publish","4":"has-post-thumbnail","6":"product_cat-ambiances-canape","7":"product_cat-canapes","9":"first","10":"instock","11":"virtual","12":"product-type-simple"},"_links":{"self":[{"href":"https:\/\/mhr.com.pt\/fr\/wp-json\/wp\/v2\/product\/253036","targetHints":{"allow":["GET"]}}],"collection":[{"href":"https:\/\/mhr.com.pt\/fr\/wp-json\/wp\/v2\/product"}],"about":[{"href":"https:\/\/mhr.com.pt\/fr\/wp-json\/wp\/v2\/types\/product"}],"wp:featuredmedia":[{"embeddable":true,"href":"https:\/\/mhr.com.pt\/fr\/wp-json\/wp\/v2\/media\/253040"}],"wp:attachment":[{"href":"https:\/\/mhr.com.pt\/fr\/wp-json\/wp\/v2\/media?parent=253036"}],"wp:term":[{"taxonomy":"product_brand","embeddable":true,"href":"https:\/\/mhr.com.pt\/fr\/wp-json\/wp\/v2\/product_brand?post=253036"},{"taxonomy":"product_cat","embeddable":true,"href":"https:\/\/mhr.com.pt\/fr\/wp-json\/wp\/v2\/product_cat?post=253036"},{"taxonomy":"product_tag","embeddable":true,"href":"https:\/\/mhr.com.pt\/fr\/wp-json\/wp\/v2\/product_tag?post=253036"}],"curies":[{"name":"wp","href":"https:\/\/api.w.org\/{rel}","templated":true}]}}