{"id":253048,"date":"2021-02-24T18:05:40","date_gmt":"2021-02-24T18:05:40","guid":{"rendered":"https:\/\/mhr.com.pt\/product\/gaudi\/"},"modified":"2026-01-05T16:47:51","modified_gmt":"2026-01-05T16:47:51","slug":"gaudi","status":"publish","type":"product","link":"https:\/\/mhr.com.pt\/fr\/product\/gaudi\/","title":{"rendered":"Gaudi."},"content":{"rendered":"<p>Le canap\u00e9 Gaudi est une pi\u00e8ce imposante, aux lignes arrondies et \u00e0 l\u2019apparence volumineuse et luxueuse. Son design impressionnant en fait le point focal de toute pi\u00e8ce, attirant le regard par sa pr\u00e9sence majestueuse.<\/p>\n<p>Gaudi est parfait pour ceux qui souhaitent une pi\u00e8ce ma\u00eetresse qui d\u00e9gage \u00e0 la fois confort et opulence, devenant le centre d\u2019attention dans n\u2019importe quel espace.<\/p>\n","protected":false},"excerpt":{"rendered":"<p>CANAP\u00c9<\/p>\n","protected":false},"featured_media":253049,"template":"","meta":{"_et_pb_use_builder":"off","_et_pb_old_content":"","_et_gb_content_width":""},"product_brand":[],"product_cat":[589,590],"product_tag":[],"class_list":{"0":"post-253048","1":"product","2":"type-product","3":"status-publish","4":"has-post-thumbnail","6":"product_cat-ambiances-canape","7":"product_cat-canapes","9":"first","10":"instock","11":"virtual","12":"product-type-simple"},"_links":{"self":[{"href":"https:\/\/mhr.com.pt\/fr\/wp-json\/wp\/v2\/product\/253048","targetHints":{"allow":["GET"]}}],"collection":[{"href":"https:\/\/mhr.com.pt\/fr\/wp-json\/wp\/v2\/product"}],"about":[{"href":"https:\/\/mhr.com.pt\/fr\/wp-json\/wp\/v2\/types\/product"}],"wp:featuredmedia":[{"embeddable":true,"href":"https:\/\/mhr.com.pt\/fr\/wp-json\/wp\/v2\/media\/253049"}],"wp:attachment":[{"href":"https:\/\/mhr.com.pt\/fr\/wp-json\/wp\/v2\/media?parent=253048"}],"wp:term":[{"taxonomy":"product_brand","embeddable":true,"href":"https:\/\/mhr.com.pt\/fr\/wp-json\/wp\/v2\/product_brand?post=253048"},{"taxonomy":"product_cat","embeddable":true,"href":"https:\/\/mhr.com.pt\/fr\/wp-json\/wp\/v2\/product_cat?post=253048"},{"taxonomy":"product_tag","embeddable":true,"href":"https:\/\/mhr.com.pt\/fr\/wp-json\/wp\/v2\/product_tag?post=253048"}],"curies":[{"name":"wp","href":"https:\/\/api.w.org\/{rel}","templated":true}]}}