{"id":253061,"date":"2021-02-24T18:06:25","date_gmt":"2021-02-24T18:06:25","guid":{"rendered":"https:\/\/mhr.com.pt\/product\/link\/"},"modified":"2026-01-05T16:53:50","modified_gmt":"2026-01-05T16:53:50","slug":"link","status":"publish","type":"product","link":"https:\/\/mhr.com.pt\/fr\/product\/link\/","title":{"rendered":"Link."},"content":{"rendered":"<p>Le syst\u00e8me de canap\u00e9 modulaire Link se caract\u00e9rise par son dossier individualis\u00e9, pr\u00e9sentant une courbe \u00e9l\u00e9gante qui imite la courbure naturelle de la colonne lombaire. La structure et l\u2019assise d\u00e9passent le dossier, offrant une vue privil\u00e9gi\u00e9e de son design. Avec ses pieds hauts et \u00e9l\u00e9gants, Link se distingue comme un mod\u00e8le compl\u00e8tement diff\u00e9rent des autres.<\/p>\n<p>Le design modulaire de Link permet des possibilit\u00e9s infinies, en faisant un ajustement parfait pour tout espace de vie moderne.<\/p>\n","protected":false},"excerpt":{"rendered":"<p>SYST\u00c8ME DE CANAP\u00c9 MODULAIRE<\/p>\n","protected":false},"featured_media":253069,"template":"","meta":{"_et_pb_use_builder":"","_et_pb_old_content":"","_et_gb_content_width":""},"product_brand":[],"product_cat":[589,590],"product_tag":[],"class_list":{"0":"post-253061","1":"product","2":"type-product","3":"status-publish","4":"has-post-thumbnail","6":"product_cat-ambiances-canape","7":"product_cat-canapes","9":"first","10":"instock","11":"virtual","12":"product-type-simple"},"_links":{"self":[{"href":"https:\/\/mhr.com.pt\/fr\/wp-json\/wp\/v2\/product\/253061","targetHints":{"allow":["GET"]}}],"collection":[{"href":"https:\/\/mhr.com.pt\/fr\/wp-json\/wp\/v2\/product"}],"about":[{"href":"https:\/\/mhr.com.pt\/fr\/wp-json\/wp\/v2\/types\/product"}],"wp:featuredmedia":[{"embeddable":true,"href":"https:\/\/mhr.com.pt\/fr\/wp-json\/wp\/v2\/media\/253069"}],"wp:attachment":[{"href":"https:\/\/mhr.com.pt\/fr\/wp-json\/wp\/v2\/media?parent=253061"}],"wp:term":[{"taxonomy":"product_brand","embeddable":true,"href":"https:\/\/mhr.com.pt\/fr\/wp-json\/wp\/v2\/product_brand?post=253061"},{"taxonomy":"product_cat","embeddable":true,"href":"https:\/\/mhr.com.pt\/fr\/wp-json\/wp\/v2\/product_cat?post=253061"},{"taxonomy":"product_tag","embeddable":true,"href":"https:\/\/mhr.com.pt\/fr\/wp-json\/wp\/v2\/product_tag?post=253061"}],"curies":[{"name":"wp","href":"https:\/\/api.w.org\/{rel}","templated":true}]}}