{"id":253074,"date":"2021-02-24T18:04:54","date_gmt":"2021-02-24T18:04:54","guid":{"rendered":"https:\/\/mhr.com.pt\/product\/kobe\/"},"modified":"2026-01-05T16:50:45","modified_gmt":"2026-01-05T16:50:45","slug":"kobe","status":"publish","type":"product","link":"https:\/\/mhr.com.pt\/fr\/product\/kobe\/","title":{"rendered":"Kobe."},"content":{"rendered":"<p>Le syst\u00e8me de canap\u00e9 modulaire Kobe pr\u00e9sente un profil minimaliste, de sa structure \u00e0 son accoudoir. L&rsquo;accoudoir est accompagn\u00e9 d&rsquo;un grand coussin qui am\u00e9liore le confort, tandis qu&rsquo;un coussin haut repose sur la structure fine, cr\u00e9ant un contraste saisissant et un confort sup\u00e9rieur. Les pieds hauts et pro\u00e9minents ajoutent \u00e0 l\u2019esth\u00e9tique raffin\u00e9e et moderne du canap\u00e9.<\/p>\n<p>La modularit\u00e9 du Kobe permet de le configurer pour s\u2019adapter \u00e0 tout espace, offrant une combinaison de design minimaliste et de confort exceptionnel.<\/p>\n","protected":false},"excerpt":{"rendered":"<p>SYST\u00c8ME DE CANAP\u00c9 MODULAIRE<\/p>\n","protected":false},"featured_media":253079,"template":"","meta":{"_et_pb_use_builder":"","_et_pb_old_content":"","_et_gb_content_width":""},"product_brand":[],"product_cat":[589,590],"product_tag":[],"class_list":{"0":"post-253074","1":"product","2":"type-product","3":"status-publish","4":"has-post-thumbnail","6":"product_cat-ambiances-canape","7":"product_cat-canapes","9":"first","10":"instock","11":"virtual","12":"product-type-simple"},"_links":{"self":[{"href":"https:\/\/mhr.com.pt\/fr\/wp-json\/wp\/v2\/product\/253074","targetHints":{"allow":["GET"]}}],"collection":[{"href":"https:\/\/mhr.com.pt\/fr\/wp-json\/wp\/v2\/product"}],"about":[{"href":"https:\/\/mhr.com.pt\/fr\/wp-json\/wp\/v2\/types\/product"}],"wp:featuredmedia":[{"embeddable":true,"href":"https:\/\/mhr.com.pt\/fr\/wp-json\/wp\/v2\/media\/253079"}],"wp:attachment":[{"href":"https:\/\/mhr.com.pt\/fr\/wp-json\/wp\/v2\/media?parent=253074"}],"wp:term":[{"taxonomy":"product_brand","embeddable":true,"href":"https:\/\/mhr.com.pt\/fr\/wp-json\/wp\/v2\/product_brand?post=253074"},{"taxonomy":"product_cat","embeddable":true,"href":"https:\/\/mhr.com.pt\/fr\/wp-json\/wp\/v2\/product_cat?post=253074"},{"taxonomy":"product_tag","embeddable":true,"href":"https:\/\/mhr.com.pt\/fr\/wp-json\/wp\/v2\/product_tag?post=253074"}],"curies":[{"name":"wp","href":"https:\/\/api.w.org\/{rel}","templated":true}]}}