{"id":253085,"date":"2021-02-24T18:07:43","date_gmt":"2021-02-24T18:07:43","guid":{"rendered":"https:\/\/mhr.com.pt\/product\/enigma\/"},"modified":"2026-01-05T16:44:49","modified_gmt":"2026-01-05T16:44:49","slug":"enigma","status":"publish","type":"product","link":"https:\/\/mhr.com.pt\/fr\/product\/enigma\/","title":{"rendered":"Enigma."},"content":{"rendered":"<p>Le syst\u00e8me de canap\u00e9 modulaire Enigma a \u00e9t\u00e9 con\u00e7u dans un esprit de polyvalence, se transformant facilement d\u2019un canap\u00e9 en lit. Ses capitonnages audacieux sont associ\u00e9s \u00e0 des lignes \u00e9pur\u00e9es, faisant de lui une pi\u00e8ce ma\u00eetresse dans tout espace de vie. La double fonctionnalit\u00e9 d\u2019Enigma en fait un choix id\u00e9al pour ceux qui recherchent \u00e0 la fois style et praticit\u00e9 dans un seul meuble.<\/p>\n<p>Gr\u00e2ce \u00e0 son design modulaire, Enigma peut \u00eatre adapt\u00e9 \u00e0 tout type d\u2019espace, offrant \u00e0 la fois confort et flexibilit\u00e9.<\/p>\n","protected":false},"excerpt":{"rendered":"<p>SYST\u00c8ME DE CANAP\u00c9 MODULAIRE<\/p>\n","protected":false},"featured_media":253089,"template":"","meta":{"_et_pb_use_builder":"","_et_pb_old_content":"","_et_gb_content_width":""},"product_brand":[],"product_cat":[589,590],"product_tag":[],"class_list":{"0":"post-253085","1":"product","2":"type-product","3":"status-publish","4":"has-post-thumbnail","6":"product_cat-ambiances-canape","7":"product_cat-canapes","9":"first","10":"instock","11":"virtual","12":"product-type-simple"},"_links":{"self":[{"href":"https:\/\/mhr.com.pt\/fr\/wp-json\/wp\/v2\/product\/253085","targetHints":{"allow":["GET"]}}],"collection":[{"href":"https:\/\/mhr.com.pt\/fr\/wp-json\/wp\/v2\/product"}],"about":[{"href":"https:\/\/mhr.com.pt\/fr\/wp-json\/wp\/v2\/types\/product"}],"wp:featuredmedia":[{"embeddable":true,"href":"https:\/\/mhr.com.pt\/fr\/wp-json\/wp\/v2\/media\/253089"}],"wp:attachment":[{"href":"https:\/\/mhr.com.pt\/fr\/wp-json\/wp\/v2\/media?parent=253085"}],"wp:term":[{"taxonomy":"product_brand","embeddable":true,"href":"https:\/\/mhr.com.pt\/fr\/wp-json\/wp\/v2\/product_brand?post=253085"},{"taxonomy":"product_cat","embeddable":true,"href":"https:\/\/mhr.com.pt\/fr\/wp-json\/wp\/v2\/product_cat?post=253085"},{"taxonomy":"product_tag","embeddable":true,"href":"https:\/\/mhr.com.pt\/fr\/wp-json\/wp\/v2\/product_tag?post=253085"}],"curies":[{"name":"wp","href":"https:\/\/api.w.org\/{rel}","templated":true}]}}