{"id":253117,"date":"2022-06-14T16:20:23","date_gmt":"2022-06-14T16:20:23","guid":{"rendered":"https:\/\/mhr.com.pt\/product\/siena\/"},"modified":"2026-01-05T17:21:22","modified_gmt":"2026-01-05T17:21:22","slug":"siena","status":"publish","type":"product","link":"https:\/\/mhr.com.pt\/fr\/product\/siena\/","title":{"rendered":"Siena."},"content":{"rendered":"<p>Le syst\u00e8me de canap\u00e9 modulaire Siena est dot\u00e9 de pieds modernes, \u00e9l\u00e9gants et au design fin, qui se distinguent lorsqu\u2019on les regarde de c\u00f4t\u00e9. Le canap\u00e9 est con\u00e7u pour un soutien lombaire optimal gr\u00e2ce \u00e0 un double coussin de dossier, et les coussins de dossier reposent sur la structure du canap\u00e9, offrant une assise plus profonde et confortable.<\/p>\n<p>Le dossier inclinable am\u00e9liore encore le confort, faisant de Siena un parfait m\u00e9lange de style et d\u2019ergonomie, adapt\u00e9 \u00e0 tout type d\u2019espace.<\/p>\n","protected":false},"excerpt":{"rendered":"<p>SYST\u00c8ME DE CANAP\u00c9 MODULAIRE<\/p>\n","protected":false},"featured_media":253124,"template":"","meta":{"_et_pb_use_builder":"","_et_pb_old_content":"","_et_gb_content_width":""},"product_brand":[],"product_cat":[589,590],"product_tag":[],"class_list":{"0":"post-253117","1":"product","2":"type-product","3":"status-publish","4":"has-post-thumbnail","6":"product_cat-ambiances-canape","7":"product_cat-canapes","9":"first","10":"instock","11":"virtual","12":"product-type-simple"},"_links":{"self":[{"href":"https:\/\/mhr.com.pt\/fr\/wp-json\/wp\/v2\/product\/253117","targetHints":{"allow":["GET"]}}],"collection":[{"href":"https:\/\/mhr.com.pt\/fr\/wp-json\/wp\/v2\/product"}],"about":[{"href":"https:\/\/mhr.com.pt\/fr\/wp-json\/wp\/v2\/types\/product"}],"wp:featuredmedia":[{"embeddable":true,"href":"https:\/\/mhr.com.pt\/fr\/wp-json\/wp\/v2\/media\/253124"}],"wp:attachment":[{"href":"https:\/\/mhr.com.pt\/fr\/wp-json\/wp\/v2\/media?parent=253117"}],"wp:term":[{"taxonomy":"product_brand","embeddable":true,"href":"https:\/\/mhr.com.pt\/fr\/wp-json\/wp\/v2\/product_brand?post=253117"},{"taxonomy":"product_cat","embeddable":true,"href":"https:\/\/mhr.com.pt\/fr\/wp-json\/wp\/v2\/product_cat?post=253117"},{"taxonomy":"product_tag","embeddable":true,"href":"https:\/\/mhr.com.pt\/fr\/wp-json\/wp\/v2\/product_tag?post=253117"}],"curies":[{"name":"wp","href":"https:\/\/api.w.org\/{rel}","templated":true}]}}