{"id":253127,"date":"2022-06-14T16:18:58","date_gmt":"2022-06-14T16:18:58","guid":{"rendered":"https:\/\/mhr.com.pt\/product\/royal\/"},"modified":"2026-01-05T17:16:24","modified_gmt":"2026-01-05T17:16:24","slug":"royal","status":"publish","type":"product","link":"https:\/\/mhr.com.pt\/fr\/product\/royal\/","title":{"rendered":"Royal."},"content":{"rendered":"<p>Le syst\u00e8me de canap\u00e9 modulaire Royal met le confort au premier plan avec son dossier inclinable et son assise relax. \u00c9quip\u00e9 de moteurs individuels pour contr\u00f4ler \u00e0 la fois le dossier et l\u2019assise, il offre une exp\u00e9rience de d\u00e9tente personnalis\u00e9e. Les pieds d\u00e9licats et les d\u00e9tails de passepoil ajoutent une touche subtile d\u2019\u00e9l\u00e9gance \u00e0 son design.<\/p>\n<p>La modularit\u00e9 de Royal garantit une adaptation parfaite \u00e0 tout espace, offrant luxe et relaxation dans un ensemble sophistiqu\u00e9.<\/p>\n","protected":false},"excerpt":{"rendered":"<p>SYST\u00c8ME DE CANAP\u00c9 MODULAIRE<\/p>\n","protected":false},"featured_media":253134,"template":"","meta":{"_et_pb_use_builder":"","_et_pb_old_content":"","_et_gb_content_width":""},"product_brand":[],"product_cat":[589,590],"product_tag":[],"class_list":{"0":"post-253127","1":"product","2":"type-product","3":"status-publish","4":"has-post-thumbnail","6":"product_cat-ambiances-canape","7":"product_cat-canapes","9":"first","10":"instock","11":"virtual","12":"product-type-simple"},"_links":{"self":[{"href":"https:\/\/mhr.com.pt\/fr\/wp-json\/wp\/v2\/product\/253127","targetHints":{"allow":["GET"]}}],"collection":[{"href":"https:\/\/mhr.com.pt\/fr\/wp-json\/wp\/v2\/product"}],"about":[{"href":"https:\/\/mhr.com.pt\/fr\/wp-json\/wp\/v2\/types\/product"}],"wp:featuredmedia":[{"embeddable":true,"href":"https:\/\/mhr.com.pt\/fr\/wp-json\/wp\/v2\/media\/253134"}],"wp:attachment":[{"href":"https:\/\/mhr.com.pt\/fr\/wp-json\/wp\/v2\/media?parent=253127"}],"wp:term":[{"taxonomy":"product_brand","embeddable":true,"href":"https:\/\/mhr.com.pt\/fr\/wp-json\/wp\/v2\/product_brand?post=253127"},{"taxonomy":"product_cat","embeddable":true,"href":"https:\/\/mhr.com.pt\/fr\/wp-json\/wp\/v2\/product_cat?post=253127"},{"taxonomy":"product_tag","embeddable":true,"href":"https:\/\/mhr.com.pt\/fr\/wp-json\/wp\/v2\/product_tag?post=253127"}],"curies":[{"name":"wp","href":"https:\/\/api.w.org\/{rel}","templated":true}]}}