{"id":253139,"date":"2022-06-14T16:17:23","date_gmt":"2022-06-14T16:17:23","guid":{"rendered":"https:\/\/mhr.com.pt\/product\/lucky\/"},"modified":"2026-01-05T17:01:07","modified_gmt":"2026-01-05T17:01:07","slug":"lucky","status":"publish","type":"product","link":"https:\/\/mhr.com.pt\/fr\/product\/lucky\/","title":{"rendered":"Lucky."},"content":{"rendered":"<p>Le syst\u00e8me de canap\u00e9 modulaire Lucky se distingue par une structure \u00e0 profil bas, rehauss\u00e9e par des pieds hauts et \u00e9l\u00e9gants, lui conf\u00e9rant une apparence raffin\u00e9e et sophistiqu\u00e9e. Sa structure fine et \u00e9lanc\u00e9e est sublim\u00e9e par un d\u00e9tail distinctif de double surpiq\u00fbre, apportant une touche de savoir-faire artisanal \u00e0 son design moderne.<\/p>\n<p>Gr\u00e2ce \u00e0 sa modularit\u00e9, Lucky peut \u00eatre adapt\u00e9 \u00e0 tout type d\u2019espace, offrant style et confort dans une silhouette \u00e9l\u00e9gante.<\/p>\n","protected":false},"excerpt":{"rendered":"<p>SYST\u00c8ME DE CANAP\u00c9 MODULAIRE<\/p>\n","protected":false},"featured_media":253144,"template":"","meta":{"_et_pb_use_builder":"","_et_pb_old_content":"","_et_gb_content_width":""},"product_brand":[],"product_cat":[589,590],"product_tag":[],"class_list":{"0":"post-253139","1":"product","2":"type-product","3":"status-publish","4":"has-post-thumbnail","6":"product_cat-ambiances-canape","7":"product_cat-canapes","9":"first","10":"instock","11":"virtual","12":"product-type-simple"},"_links":{"self":[{"href":"https:\/\/mhr.com.pt\/fr\/wp-json\/wp\/v2\/product\/253139","targetHints":{"allow":["GET"]}}],"collection":[{"href":"https:\/\/mhr.com.pt\/fr\/wp-json\/wp\/v2\/product"}],"about":[{"href":"https:\/\/mhr.com.pt\/fr\/wp-json\/wp\/v2\/types\/product"}],"wp:featuredmedia":[{"embeddable":true,"href":"https:\/\/mhr.com.pt\/fr\/wp-json\/wp\/v2\/media\/253144"}],"wp:attachment":[{"href":"https:\/\/mhr.com.pt\/fr\/wp-json\/wp\/v2\/media?parent=253139"}],"wp:term":[{"taxonomy":"product_brand","embeddable":true,"href":"https:\/\/mhr.com.pt\/fr\/wp-json\/wp\/v2\/product_brand?post=253139"},{"taxonomy":"product_cat","embeddable":true,"href":"https:\/\/mhr.com.pt\/fr\/wp-json\/wp\/v2\/product_cat?post=253139"},{"taxonomy":"product_tag","embeddable":true,"href":"https:\/\/mhr.com.pt\/fr\/wp-json\/wp\/v2\/product_tag?post=253139"}],"curies":[{"name":"wp","href":"https:\/\/api.w.org\/{rel}","templated":true}]}}