{"id":253148,"date":"2020-10-15T10:25:31","date_gmt":"2020-10-15T10:25:31","guid":{"rendered":"https:\/\/mhr.com.pt\/product\/lloyd\/"},"modified":"2026-01-05T16:57:35","modified_gmt":"2026-01-05T16:57:35","slug":"lloyd","status":"publish","type":"product","link":"https:\/\/mhr.com.pt\/fr\/product\/lloyd\/","title":{"rendered":"Lloyd."},"content":{"rendered":"<p>Le syst\u00e8me de canap\u00e9 modulaire Lloyd est con\u00e7u avec une silhouette \u00e0 faible profil, soutenue par des pieds hauts et \u00e9l\u00e9gants avec une barre m\u00e9tallique. Le dossier inclinable permet une exp\u00e9rience d\u2019assise plus profonde et d\u00e9tendue, tandis que les accoudoirs larges, l\u00e9g\u00e8rement effil\u00e9s, offrent un soutien et un confort suppl\u00e9mentaires.<\/p>\n<p>Lloyd comprend \u00e9galement un module banc avec une table d\u2019appoint int\u00e9gr\u00e9e qui suit le dos du canap\u00e9, offrant une solution pratique et \u00e9l\u00e9gante. Sa conception modulaire permet une infinit\u00e9 de configurations, faisant de lui le choix id\u00e9al pour tout espace de vie moderne.<\/p>\n","protected":false},"excerpt":{"rendered":"<p>SYST\u00c8ME DE CANAP\u00c9 MODULAIRE<\/p>\n","protected":false},"featured_media":253151,"template":"","meta":{"_et_pb_use_builder":"","_et_pb_old_content":"","_et_gb_content_width":""},"product_brand":[],"product_cat":[589,590],"product_tag":[],"class_list":{"0":"post-253148","1":"product","2":"type-product","3":"status-publish","4":"has-post-thumbnail","6":"product_cat-ambiances-canape","7":"product_cat-canapes","9":"first","10":"instock","11":"virtual","12":"product-type-simple"},"_links":{"self":[{"href":"https:\/\/mhr.com.pt\/fr\/wp-json\/wp\/v2\/product\/253148","targetHints":{"allow":["GET"]}}],"collection":[{"href":"https:\/\/mhr.com.pt\/fr\/wp-json\/wp\/v2\/product"}],"about":[{"href":"https:\/\/mhr.com.pt\/fr\/wp-json\/wp\/v2\/types\/product"}],"wp:featuredmedia":[{"embeddable":true,"href":"https:\/\/mhr.com.pt\/fr\/wp-json\/wp\/v2\/media\/253151"}],"wp:attachment":[{"href":"https:\/\/mhr.com.pt\/fr\/wp-json\/wp\/v2\/media?parent=253148"}],"wp:term":[{"taxonomy":"product_brand","embeddable":true,"href":"https:\/\/mhr.com.pt\/fr\/wp-json\/wp\/v2\/product_brand?post=253148"},{"taxonomy":"product_cat","embeddable":true,"href":"https:\/\/mhr.com.pt\/fr\/wp-json\/wp\/v2\/product_cat?post=253148"},{"taxonomy":"product_tag","embeddable":true,"href":"https:\/\/mhr.com.pt\/fr\/wp-json\/wp\/v2\/product_tag?post=253148"}],"curies":[{"name":"wp","href":"https:\/\/api.w.org\/{rel}","templated":true}]}}