{"id":253172,"date":"2022-11-11T10:25:36","date_gmt":"2022-11-11T10:25:36","guid":{"rendered":"https:\/\/mhr.com.pt\/product\/kim\/"},"modified":"2022-11-11T10:25:36","modified_gmt":"2022-11-11T10:25:36","slug":"kim","status":"publish","type":"product","link":"https:\/\/mhr.com.pt\/fr\/product\/kim\/","title":{"rendered":"Kim."},"content":{"rendered":"<p>Le pouf Kim apporte un \u00e9l\u00e9ment dynamique \u00e0 tout espace, en utilisant efficacement la surface disponible.<\/p>\n<p>Con\u00e7u pour s&rsquo;associer parfaitement \u00e0 la table Kim, il offre de la polyvalence gr\u00e2ce \u00e0 la combinaison de diff\u00e9rents mat\u00e9riaux et \u00e0 l&rsquo;option d&rsquo;une base suppl\u00e9mentaire, accentuant ainsi son \u00e9l\u00e9gance.<\/p>\n<p>Bien qu&rsquo;il ait \u00e9t\u00e9 cr\u00e9\u00e9 pour compl\u00e9ter la table Kim, il se distingue \u00e9galement comme une pi\u00e8ce ind\u00e9pendante, apportant son charme unique \u00e0 n&rsquo;importe quel environnement.<\/p>\n","protected":false},"excerpt":{"rendered":"<p>POUFS<\/p>\n","protected":false},"featured_media":253173,"template":"","meta":{"_et_pb_use_builder":"","_et_pb_old_content":"","_et_gb_content_width":""},"product_brand":[],"product_cat":[564],"product_tag":[],"class_list":{"0":"post-253172","1":"product","2":"type-product","3":"status-publish","4":"has-post-thumbnail","6":"product_cat-poufs-et-tabourets","8":"first","9":"instock","10":"shipping-taxable","11":"product-type-simple"},"_links":{"self":[{"href":"https:\/\/mhr.com.pt\/fr\/wp-json\/wp\/v2\/product\/253172","targetHints":{"allow":["GET"]}}],"collection":[{"href":"https:\/\/mhr.com.pt\/fr\/wp-json\/wp\/v2\/product"}],"about":[{"href":"https:\/\/mhr.com.pt\/fr\/wp-json\/wp\/v2\/types\/product"}],"wp:featuredmedia":[{"embeddable":true,"href":"https:\/\/mhr.com.pt\/fr\/wp-json\/wp\/v2\/media\/253173"}],"wp:attachment":[{"href":"https:\/\/mhr.com.pt\/fr\/wp-json\/wp\/v2\/media?parent=253172"}],"wp:term":[{"taxonomy":"product_brand","embeddable":true,"href":"https:\/\/mhr.com.pt\/fr\/wp-json\/wp\/v2\/product_brand?post=253172"},{"taxonomy":"product_cat","embeddable":true,"href":"https:\/\/mhr.com.pt\/fr\/wp-json\/wp\/v2\/product_cat?post=253172"},{"taxonomy":"product_tag","embeddable":true,"href":"https:\/\/mhr.com.pt\/fr\/wp-json\/wp\/v2\/product_tag?post=253172"}],"curies":[{"name":"wp","href":"https:\/\/api.w.org\/{rel}","templated":true}]}}